{"id":23,"date":"2023-02-09T21:28:02","date_gmt":"2023-02-09T21:28:02","guid":{"rendered":"https:\/\/www.perminutecreations.lu\/?post_type=product&#038;p=23"},"modified":"2023-09-14T08:30:58","modified_gmt":"2023-09-14T08:30:58","slug":"peluche-naissance","status":"publish","type":"product","link":"https:\/\/www.perminutecreations.lu\/index.php\/produit\/peluche-naissance\/","title":{"rendered":"Peluche Naissance"},"content":{"rendered":"<p>C\u00e9l\u00e9brez l&rsquo;arriv\u00e9e de votre nouveau-n\u00e9 avec notre peluche douce et c\u00e2line!<\/p>\n<p>Fabriqu\u00e9e \u00e0 partir de mat\u00e9riaux doux et s\u00fbrs pour les b\u00e9b\u00e9s, notre peluche de naissance est un compagnon id\u00e9al pour les tous-petits. Avec son design mignon et son toucher doux, vous pouvez \u00eatre sur que votre b\u00e9b\u00e9 adorera c\u00e2liner cette peluche jour et nuit.<\/p>\n<p>Disponible en deux couleurs, cet \u00e9l\u00e9phant est parfait pour les filles comme pour les gar\u00e7ons. Que ce soit pour une chambre de b\u00e9b\u00e9 ou un cadeau de naissance ou pour votre propre tout-petit, notre peluche de naissance est un choix de qualit\u00e9.<\/p>\n<p>De plus notre peluche peut-\u00eatre personnalis\u00e9e avec le pr\u00e9nom du b\u00e9b\u00e9 ainsi que toutes les informations de naissance pour une touche personnelle. Donnez un souvenir m\u00e9morable \u00e0 votre enfant qui durera toute une vie!<\/p>\n<p>Offrez un cadeau qui fait sourire, commandez maintenant!<\/p>\n","protected":false},"excerpt":{"rendered":"<p>Taille: 23cm &#8211; 25cm<\/p>\n<p>Mat\u00e9riau: coton<\/p>\n","protected":false},"featured_media":3125,"comment_status":"open","ping_status":"closed","template":"","meta":{"_monsterinsights_skip_tracking":false,"_monsterinsights_sitenote_active":false,"_monsterinsights_sitenote_note":"","_monsterinsights_sitenote_category":0,"ocean_post_layout":"","ocean_both_sidebars_style":"","ocean_both_sidebars_content_width":0,"ocean_both_sidebars_sidebars_width":0,"ocean_sidebar":"0","ocean_second_sidebar":"0","ocean_disable_margins":"enable","ocean_add_body_class":"","ocean_shortcode_before_top_bar":"","ocean_shortcode_after_top_bar":"","ocean_shortcode_before_header":"","ocean_shortcode_after_header":"","ocean_has_shortcode":"","ocean_shortcode_after_title":"","ocean_shortcode_before_footer_widgets":"","ocean_shortcode_after_footer_widgets":"","ocean_shortcode_before_footer_bottom":"","ocean_shortcode_after_footer_bottom":"","ocean_display_top_bar":"default","ocean_display_header":"default","ocean_header_style":"","ocean_center_header_left_menu":"0","ocean_custom_header_template":"0","ocean_custom_logo":0,"ocean_custom_retina_logo":0,"ocean_custom_logo_max_width":0,"ocean_custom_logo_tablet_max_width":0,"ocean_custom_logo_mobile_max_width":0,"ocean_custom_logo_max_height":0,"ocean_custom_logo_tablet_max_height":0,"ocean_custom_logo_mobile_max_height":0,"ocean_header_custom_menu":"0","ocean_menu_typo_font_family":"0","ocean_menu_typo_font_subset":"","ocean_menu_typo_font_size":0,"ocean_menu_typo_font_size_tablet":0,"ocean_menu_typo_font_size_mobile":0,"ocean_menu_typo_font_size_unit":"px","ocean_menu_typo_font_weight":"","ocean_menu_typo_font_weight_tablet":"","ocean_menu_typo_font_weight_mobile":"","ocean_menu_typo_transform":"","ocean_menu_typo_transform_tablet":"","ocean_menu_typo_transform_mobile":"","ocean_menu_typo_line_height":0,"ocean_menu_typo_line_height_tablet":0,"ocean_menu_typo_line_height_mobile":0,"ocean_menu_typo_line_height_unit":"","ocean_menu_typo_spacing":0,"ocean_menu_typo_spacing_tablet":0,"ocean_menu_typo_spacing_mobile":0,"ocean_menu_typo_spacing_unit":"","ocean_menu_link_color":"","ocean_menu_link_color_hover":"","ocean_menu_link_color_active":"","ocean_menu_link_background":"","ocean_menu_link_hover_background":"","ocean_menu_link_active_background":"","ocean_menu_social_links_bg":"","ocean_menu_social_hover_links_bg":"","ocean_menu_social_links_color":"","ocean_menu_social_hover_links_color":"","ocean_disable_title":"default","ocean_disable_heading":"default","ocean_post_title":"","ocean_post_subheading":"","ocean_post_title_style":"","ocean_post_title_background_color":"","ocean_post_title_background":0,"ocean_post_title_bg_image_position":"","ocean_post_title_bg_image_attachment":"","ocean_post_title_bg_image_repeat":"","ocean_post_title_bg_image_size":"","ocean_post_title_height":0,"ocean_post_title_bg_overlay":0.5,"ocean_post_title_bg_overlay_color":"","ocean_disable_breadcrumbs":"default","ocean_breadcrumbs_color":"","ocean_breadcrumbs_separator_color":"","ocean_breadcrumbs_links_color":"","ocean_breadcrumbs_links_hover_color":"","ocean_display_footer_widgets":"default","ocean_display_footer_bottom":"default","ocean_custom_footer_template":"0","omw_enable_modal_window":"enable"},"product_brand":[],"product_cat":[33],"product_tag":[],"class_list":{"0":"post-23","1":"product","2":"type-product","3":"status-publish","4":"has-post-thumbnail","6":"product_cat-cadeaux-naissance","7":"product_shipping_class-produit-lourd","9":"entry","10":"has-media","12":"first","13":"instock","14":"purchasable","15":"product-type-simple","16":"has-product-nav","17":"col","18":"span_1_of_4","19":"owp-content-center","20":"owp-thumbs-layout-horizontal","21":"owp-btn-normal","22":"owp-tabs-layout-horizontal"},"yoast_head":"<!-- This site is optimized with the Yoast SEO plugin v27.1.1 - https:\/\/yoast.com\/product\/yoast-seo-wordpress\/ -->\n<title>Peluche Naissance<\/title>\n<meta name=\"description\" content=\"C\u00e9l\u00e9brez l&#039;arriv\u00e9e de votre nouveau-n\u00e9 avec notre peluche de naissance douce et c\u00e2line! Offrez un cadeau qui fait sourire, commandez maintenant!\" \/>\n<meta name=\"robots\" content=\"index, follow, max-snippet:-1, max-image-preview:large, max-video-preview:-1\" \/>\n<link rel=\"canonical\" href=\"https:\/\/www.perminutecreations.lu\/index.php\/produit\/peluche-naissance\/\" \/>\n<meta property=\"og:locale\" content=\"fr_FR\" \/>\n<meta property=\"og:type\" content=\"article\" \/>\n<meta property=\"og:title\" content=\"Peluche Naissance\" \/>\n<meta property=\"og:description\" content=\"C\u00e9l\u00e9brez l&#039;arriv\u00e9e de votre nouveau-n\u00e9 avec notre peluche de naissance douce et c\u00e2line! Offrez un cadeau qui fait sourire, commandez maintenant!\" \/>\n<meta property=\"og:url\" content=\"https:\/\/www.perminutecreations.lu\/index.php\/produit\/peluche-naissance\/\" \/>\n<meta property=\"og:site_name\" content=\"PerMinute Creations\" \/>\n<meta property=\"article:modified_time\" content=\"2023-09-14T08:30:58+00:00\" \/>\n<meta property=\"og:image\" content=\"https:\/\/www.perminutecreations.lu\/wp-content\/uploads\/2023\/02\/20230617_224102_.-removebg-Copie-977x1024.png\" \/>\n\t<meta property=\"og:image:width\" content=\"977\" \/>\n\t<meta property=\"og:image:height\" content=\"1024\" \/>\n\t<meta property=\"og:image:type\" content=\"image\/png\" \/>\n<meta name=\"twitter:card\" content=\"summary_large_image\" \/>\n<meta name=\"twitter:label1\" content=\"Dur\u00e9e de lecture estim\u00e9e\" \/>\n\t<meta name=\"twitter:data1\" content=\"1 minute\" \/>\n<script type=\"application\/ld+json\" class=\"yoast-schema-graph\">{\"@context\":\"https:\/\/schema.org\",\"@graph\":[{\"@type\":\"WebPage\",\"@id\":\"https:\/\/www.perminutecreations.lu\/index.php\/produit\/peluche-naissance\/\",\"url\":\"https:\/\/www.perminutecreations.lu\/index.php\/produit\/peluche-naissance\/\",\"name\":\"Peluche Naissance\",\"isPartOf\":{\"@id\":\"https:\/\/www.perminutecreations.lu\/#website\"},\"primaryImageOfPage\":{\"@id\":\"https:\/\/www.perminutecreations.lu\/index.php\/produit\/peluche-naissance\/#primaryimage\"},\"image\":{\"@id\":\"https:\/\/www.perminutecreations.lu\/index.php\/produit\/peluche-naissance\/#primaryimage\"},\"thumbnailUrl\":\"https:\/\/www.perminutecreations.lu\/wp-content\/uploads\/2023\/02\/20230617_224102_.-removebg-Copie.png\",\"datePublished\":\"2023-02-09T21:28:02+00:00\",\"dateModified\":\"2023-09-14T08:30:58+00:00\",\"description\":\"C\u00e9l\u00e9brez l'arriv\u00e9e de votre nouveau-n\u00e9 avec notre peluche de naissance douce et c\u00e2line! Offrez un cadeau qui fait sourire, commandez maintenant!\",\"breadcrumb\":{\"@id\":\"https:\/\/www.perminutecreations.lu\/index.php\/produit\/peluche-naissance\/#breadcrumb\"},\"inLanguage\":\"fr-FR\",\"potentialAction\":[{\"@type\":\"ReadAction\",\"target\":[\"https:\/\/www.perminutecreations.lu\/index.php\/produit\/peluche-naissance\/\"]}]},{\"@type\":\"ImageObject\",\"inLanguage\":\"fr-FR\",\"@id\":\"https:\/\/www.perminutecreations.lu\/index.php\/produit\/peluche-naissance\/#primaryimage\",\"url\":\"https:\/\/www.perminutecreations.lu\/wp-content\/uploads\/2023\/02\/20230617_224102_.-removebg-Copie.png\",\"contentUrl\":\"https:\/\/www.perminutecreations.lu\/wp-content\/uploads\/2023\/02\/20230617_224102_.-removebg-Copie.png\",\"width\":2576,\"height\":2700},{\"@type\":\"BreadcrumbList\",\"@id\":\"https:\/\/www.perminutecreations.lu\/index.php\/produit\/peluche-naissance\/#breadcrumb\",\"itemListElement\":[{\"@type\":\"ListItem\",\"position\":1,\"name\":\"Accueil\",\"item\":\"https:\/\/www.perminutecreations.lu\/\"},{\"@type\":\"ListItem\",\"position\":2,\"name\":\"Boutique\",\"item\":\"https:\/\/www.perminutecreations.lu\/index.php\/boutique\/\"},{\"@type\":\"ListItem\",\"position\":3,\"name\":\"Peluche Naissance\"}]},{\"@type\":\"WebSite\",\"@id\":\"https:\/\/www.perminutecreations.lu\/#website\",\"url\":\"https:\/\/www.perminutecreations.lu\/\",\"name\":\"PerMinute Creations\",\"description\":\"Cr\u00e9ons ensemble!\",\"publisher\":{\"@id\":\"https:\/\/www.perminutecreations.lu\/#organization\"},\"potentialAction\":[{\"@type\":\"SearchAction\",\"target\":{\"@type\":\"EntryPoint\",\"urlTemplate\":\"https:\/\/www.perminutecreations.lu\/?s={search_term_string}\"},\"query-input\":{\"@type\":\"PropertyValueSpecification\",\"valueRequired\":true,\"valueName\":\"search_term_string\"}}],\"inLanguage\":\"fr-FR\"},{\"@type\":\"Organization\",\"@id\":\"https:\/\/www.perminutecreations.lu\/#organization\",\"name\":\"PerMinute Creations\",\"url\":\"https:\/\/www.perminutecreations.lu\/\",\"logo\":{\"@type\":\"ImageObject\",\"inLanguage\":\"fr-FR\",\"@id\":\"https:\/\/www.perminutecreations.lu\/#\/schema\/logo\/image\/\",\"url\":\"https:\/\/www.perminutecreations.lu\/wp-content\/uploads\/2024\/10\/cropped-Copie-de-Beige-Art-Design-Logo_20241028_082737_0000-1.jpg\",\"contentUrl\":\"https:\/\/www.perminutecreations.lu\/wp-content\/uploads\/2024\/10\/cropped-Copie-de-Beige-Art-Design-Logo_20241028_082737_0000-1.jpg\",\"width\":1248,\"height\":1109,\"caption\":\"PerMinute Creations\"},\"image\":{\"@id\":\"https:\/\/www.perminutecreations.lu\/#\/schema\/logo\/image\/\"}}]}<\/script>\n<!-- \/ Yoast SEO plugin. -->","yoast_head_json":{"title":"Peluche Naissance","description":"C\u00e9l\u00e9brez l'arriv\u00e9e de votre nouveau-n\u00e9 avec notre peluche de naissance douce et c\u00e2line! Offrez un cadeau qui fait sourire, commandez maintenant!","robots":{"index":"index","follow":"follow","max-snippet":"max-snippet:-1","max-image-preview":"max-image-preview:large","max-video-preview":"max-video-preview:-1"},"canonical":"https:\/\/www.perminutecreations.lu\/index.php\/produit\/peluche-naissance\/","og_locale":"fr_FR","og_type":"article","og_title":"Peluche Naissance","og_description":"C\u00e9l\u00e9brez l'arriv\u00e9e de votre nouveau-n\u00e9 avec notre peluche de naissance douce et c\u00e2line! Offrez un cadeau qui fait sourire, commandez maintenant!","og_url":"https:\/\/www.perminutecreations.lu\/index.php\/produit\/peluche-naissance\/","og_site_name":"PerMinute Creations","article_modified_time":"2023-09-14T08:30:58+00:00","og_image":[{"width":977,"height":1024,"url":"https:\/\/www.perminutecreations.lu\/wp-content\/uploads\/2023\/02\/20230617_224102_.-removebg-Copie-977x1024.png","type":"image\/png"}],"twitter_card":"summary_large_image","twitter_misc":{"Dur\u00e9e de lecture estim\u00e9e":"1 minute"},"schema":{"@context":"https:\/\/schema.org","@graph":[{"@type":"WebPage","@id":"https:\/\/www.perminutecreations.lu\/index.php\/produit\/peluche-naissance\/","url":"https:\/\/www.perminutecreations.lu\/index.php\/produit\/peluche-naissance\/","name":"Peluche Naissance","isPartOf":{"@id":"https:\/\/www.perminutecreations.lu\/#website"},"primaryImageOfPage":{"@id":"https:\/\/www.perminutecreations.lu\/index.php\/produit\/peluche-naissance\/#primaryimage"},"image":{"@id":"https:\/\/www.perminutecreations.lu\/index.php\/produit\/peluche-naissance\/#primaryimage"},"thumbnailUrl":"https:\/\/www.perminutecreations.lu\/wp-content\/uploads\/2023\/02\/20230617_224102_.-removebg-Copie.png","datePublished":"2023-02-09T21:28:02+00:00","dateModified":"2023-09-14T08:30:58+00:00","description":"C\u00e9l\u00e9brez l'arriv\u00e9e de votre nouveau-n\u00e9 avec notre peluche de naissance douce et c\u00e2line! Offrez un cadeau qui fait sourire, commandez maintenant!","breadcrumb":{"@id":"https:\/\/www.perminutecreations.lu\/index.php\/produit\/peluche-naissance\/#breadcrumb"},"inLanguage":"fr-FR","potentialAction":[{"@type":"ReadAction","target":["https:\/\/www.perminutecreations.lu\/index.php\/produit\/peluche-naissance\/"]}]},{"@type":"ImageObject","inLanguage":"fr-FR","@id":"https:\/\/www.perminutecreations.lu\/index.php\/produit\/peluche-naissance\/#primaryimage","url":"https:\/\/www.perminutecreations.lu\/wp-content\/uploads\/2023\/02\/20230617_224102_.-removebg-Copie.png","contentUrl":"https:\/\/www.perminutecreations.lu\/wp-content\/uploads\/2023\/02\/20230617_224102_.-removebg-Copie.png","width":2576,"height":2700},{"@type":"BreadcrumbList","@id":"https:\/\/www.perminutecreations.lu\/index.php\/produit\/peluche-naissance\/#breadcrumb","itemListElement":[{"@type":"ListItem","position":1,"name":"Accueil","item":"https:\/\/www.perminutecreations.lu\/"},{"@type":"ListItem","position":2,"name":"Boutique","item":"https:\/\/www.perminutecreations.lu\/index.php\/boutique\/"},{"@type":"ListItem","position":3,"name":"Peluche Naissance"}]},{"@type":"WebSite","@id":"https:\/\/www.perminutecreations.lu\/#website","url":"https:\/\/www.perminutecreations.lu\/","name":"PerMinute Creations","description":"Cr\u00e9ons ensemble!","publisher":{"@id":"https:\/\/www.perminutecreations.lu\/#organization"},"potentialAction":[{"@type":"SearchAction","target":{"@type":"EntryPoint","urlTemplate":"https:\/\/www.perminutecreations.lu\/?s={search_term_string}"},"query-input":{"@type":"PropertyValueSpecification","valueRequired":true,"valueName":"search_term_string"}}],"inLanguage":"fr-FR"},{"@type":"Organization","@id":"https:\/\/www.perminutecreations.lu\/#organization","name":"PerMinute Creations","url":"https:\/\/www.perminutecreations.lu\/","logo":{"@type":"ImageObject","inLanguage":"fr-FR","@id":"https:\/\/www.perminutecreations.lu\/#\/schema\/logo\/image\/","url":"https:\/\/www.perminutecreations.lu\/wp-content\/uploads\/2024\/10\/cropped-Copie-de-Beige-Art-Design-Logo_20241028_082737_0000-1.jpg","contentUrl":"https:\/\/www.perminutecreations.lu\/wp-content\/uploads\/2024\/10\/cropped-Copie-de-Beige-Art-Design-Logo_20241028_082737_0000-1.jpg","width":1248,"height":1109,"caption":"PerMinute Creations"},"image":{"@id":"https:\/\/www.perminutecreations.lu\/#\/schema\/logo\/image\/"}}]}},"_links":{"self":[{"href":"https:\/\/www.perminutecreations.lu\/index.php\/wp-json\/wp\/v2\/product\/23","targetHints":{"allow":["GET"]}}],"collection":[{"href":"https:\/\/www.perminutecreations.lu\/index.php\/wp-json\/wp\/v2\/product"}],"about":[{"href":"https:\/\/www.perminutecreations.lu\/index.php\/wp-json\/wp\/v2\/types\/product"}],"replies":[{"embeddable":true,"href":"https:\/\/www.perminutecreations.lu\/index.php\/wp-json\/wp\/v2\/comments?post=23"}],"wp:featuredmedia":[{"embeddable":true,"href":"https:\/\/www.perminutecreations.lu\/index.php\/wp-json\/wp\/v2\/media\/3125"}],"wp:attachment":[{"href":"https:\/\/www.perminutecreations.lu\/index.php\/wp-json\/wp\/v2\/media?parent=23"}],"wp:term":[{"taxonomy":"product_brand","embeddable":true,"href":"https:\/\/www.perminutecreations.lu\/index.php\/wp-json\/wp\/v2\/product_brand?post=23"},{"taxonomy":"product_cat","embeddable":true,"href":"https:\/\/www.perminutecreations.lu\/index.php\/wp-json\/wp\/v2\/product_cat?post=23"},{"taxonomy":"product_tag","embeddable":true,"href":"https:\/\/www.perminutecreations.lu\/index.php\/wp-json\/wp\/v2\/product_tag?post=23"}],"curies":[{"name":"wp","href":"https:\/\/api.w.org\/{rel}","templated":true}]}}