{"id":2791,"date":"2023-06-09T09:50:48","date_gmt":"2023-06-09T09:50:48","guid":{"rendered":"https:\/\/www.perminutecreations.lu\/?post_type=product&#038;p=2791"},"modified":"2023-07-14T13:31:32","modified_gmt":"2023-07-14T13:31:32","slug":"porte-savon","status":"publish","type":"product","link":"https:\/\/www.perminutecreations.lu\/index.php\/produit\/porte-savon\/","title":{"rendered":"Porte-Savon"},"content":{"rendered":"<p><span class=\"x4k7w5x x1h91t0o x1h9r5lt x1jfb8zj xv2umb2 x1beo9mf xaigb6o x12ejxvf x3igimt xarpa2k xedcshv x1lytzrv x1t2pt76 x7ja8zs x1qrby5j\">Si vous cherchez un objet pratique et original pour votre salle de bain, pourquoi ne pas essayer notre porte-savon \u00e0 personnaliser en r\u00e9sine ?<\/span><\/p>\n<p><span class=\"x4k7w5x x1h91t0o x1h9r5lt x1jfb8zj xv2umb2 x1beo9mf xaigb6o x12ejxvf x3igimt xarpa2k xedcshv x1lytzrv x1t2pt76 x7ja8zs x1qrby5j\"> Avec son design \u00e9l\u00e9gant et sa r\u00e9sistance \u00e0 l&rsquo;eau, ce porte-savon vous permet de ranger vos savons pr\u00e9f\u00e9r\u00e9s en toute s\u00e9curit\u00e9 tout en apportant une touche personnelle \u00e0 votre d\u00e9coration de salle de bain. <\/span><\/p>\n<p><span class=\"x4k7w5x x1h91t0o x1h9r5lt x1jfb8zj xv2umb2 x1beo9mf xaigb6o x12ejxvf x3igimt xarpa2k xedcshv x1lytzrv x1t2pt76 x7ja8zs x1qrby5j\">En plus de sa fonction pratique, il est facile \u00e0 personnaliser selon vos go\u00fbts. Vous pouvez choisir la couleur de la r\u00e9sine, ainsi que les d\u00e9corations \u00e0 inclure dans le moule pour cr\u00e9er un look unique et personnalis\u00e9. <\/span><\/p>\n<p><span class=\"x4k7w5x x1h91t0o x1h9r5lt x1jfb8zj xv2umb2 x1beo9mf xaigb6o x12ejxvf x3igimt xarpa2k xedcshv x1lytzrv x1t2pt76 x7ja8zs x1qrby5j\">Commandez d\u00e8s maintenant votre porte-savon \u00e0 personnaliser en r\u00e9sine et ajoutez une touche de personnalit\u00e9 \u00e0 votre salle de bain !<\/span><\/p>\n","protected":false},"excerpt":{"rendered":"<p>Si vous cherchez un objet pratique et original pour votre salle de bain, pourquoi ne pas essayer notre porte-savon \u00e0 personnaliser en r\u00e9sine ? Avec son design \u00e9l\u00e9gant et sa r\u00e9sistance \u00e0 l&rsquo;eau, ce porte-savon vous permet de ranger vos savons pr\u00e9f\u00e9r\u00e9s en toute s\u00e9curit\u00e9 tout en apportant une touche personnelle \u00e0 votre d\u00e9coration de [&hellip;]<\/p>\n","protected":false},"featured_media":2971,"comment_status":"open","ping_status":"closed","template":"","meta":{"_monsterinsights_skip_tracking":false,"_monsterinsights_sitenote_active":false,"_monsterinsights_sitenote_note":"","_monsterinsights_sitenote_category":0,"ocean_post_layout":"","ocean_both_sidebars_style":"","ocean_both_sidebars_content_width":0,"ocean_both_sidebars_sidebars_width":0,"ocean_sidebar":"0","ocean_second_sidebar":"0","ocean_disable_margins":"enable","ocean_add_body_class":"","ocean_shortcode_before_top_bar":"","ocean_shortcode_after_top_bar":"","ocean_shortcode_before_header":"","ocean_shortcode_after_header":"","ocean_has_shortcode":"","ocean_shortcode_after_title":"","ocean_shortcode_before_footer_widgets":"","ocean_shortcode_after_footer_widgets":"","ocean_shortcode_before_footer_bottom":"","ocean_shortcode_after_footer_bottom":"","ocean_display_top_bar":"default","ocean_display_header":"default","ocean_header_style":"","ocean_center_header_left_menu":"0","ocean_custom_header_template":"0","ocean_custom_logo":0,"ocean_custom_retina_logo":0,"ocean_custom_logo_max_width":0,"ocean_custom_logo_tablet_max_width":0,"ocean_custom_logo_mobile_max_width":0,"ocean_custom_logo_max_height":0,"ocean_custom_logo_tablet_max_height":0,"ocean_custom_logo_mobile_max_height":0,"ocean_header_custom_menu":"0","ocean_menu_typo_font_family":"0","ocean_menu_typo_font_subset":"","ocean_menu_typo_font_size":0,"ocean_menu_typo_font_size_tablet":0,"ocean_menu_typo_font_size_mobile":0,"ocean_menu_typo_font_size_unit":"px","ocean_menu_typo_font_weight":"","ocean_menu_typo_font_weight_tablet":"","ocean_menu_typo_font_weight_mobile":"","ocean_menu_typo_transform":"","ocean_menu_typo_transform_tablet":"","ocean_menu_typo_transform_mobile":"","ocean_menu_typo_line_height":0,"ocean_menu_typo_line_height_tablet":0,"ocean_menu_typo_line_height_mobile":0,"ocean_menu_typo_line_height_unit":"","ocean_menu_typo_spacing":0,"ocean_menu_typo_spacing_tablet":0,"ocean_menu_typo_spacing_mobile":0,"ocean_menu_typo_spacing_unit":"","ocean_menu_link_color":"","ocean_menu_link_color_hover":"","ocean_menu_link_color_active":"","ocean_menu_link_background":"","ocean_menu_link_hover_background":"","ocean_menu_link_active_background":"","ocean_menu_social_links_bg":"","ocean_menu_social_hover_links_bg":"","ocean_menu_social_links_color":"","ocean_menu_social_hover_links_color":"","ocean_disable_title":"default","ocean_disable_heading":"default","ocean_post_title":"","ocean_post_subheading":"","ocean_post_title_style":"","ocean_post_title_background_color":"","ocean_post_title_background":0,"ocean_post_title_bg_image_position":"","ocean_post_title_bg_image_attachment":"","ocean_post_title_bg_image_repeat":"","ocean_post_title_bg_image_size":"","ocean_post_title_height":0,"ocean_post_title_bg_overlay":0.5,"ocean_post_title_bg_overlay_color":"","ocean_disable_breadcrumbs":"default","ocean_breadcrumbs_color":"","ocean_breadcrumbs_separator_color":"","ocean_breadcrumbs_links_color":"","ocean_breadcrumbs_links_hover_color":"","ocean_display_footer_widgets":"default","ocean_display_footer_bottom":"default","ocean_custom_footer_template":"0","omw_enable_modal_window":"enable"},"product_brand":[],"product_cat":[38,133],"product_tag":[],"class_list":{"0":"post-2791","1":"product","2":"type-product","3":"status-publish","4":"has-post-thumbnail","6":"product_cat-maison","7":"product_cat-salle-de-bain","9":"entry","10":"has-media","12":"first","13":"instock","14":"purchasable","15":"product-type-variable","16":"has-product-nav","17":"col","18":"span_1_of_4","19":"owp-content-center","20":"owp-thumbs-layout-horizontal","21":"owp-btn-normal","22":"owp-tabs-layout-horizontal"},"yoast_head":"<!-- This site is optimized with the Yoast SEO plugin v27.1.1 - https:\/\/yoast.com\/product\/yoast-seo-wordpress\/ -->\n<title>Porte-Savon<\/title>\n<meta name=\"description\" content=\"Si vous cherchez un objet pratique et original pour votre salle de bain, pourquoi ne pas essayer notre porte-savon \u00e0 personnaliser en r\u00e9sine ?\" \/>\n<meta name=\"robots\" content=\"index, follow, max-snippet:-1, max-image-preview:large, max-video-preview:-1\" \/>\n<link rel=\"canonical\" href=\"https:\/\/www.perminutecreations.lu\/index.php\/produit\/porte-savon\/\" \/>\n<meta property=\"og:locale\" content=\"fr_FR\" \/>\n<meta property=\"og:type\" content=\"article\" \/>\n<meta property=\"og:title\" content=\"Porte-Savon\" \/>\n<meta property=\"og:description\" content=\"Si vous cherchez un objet pratique et original pour votre salle de bain, pourquoi ne pas essayer notre porte-savon \u00e0 personnaliser en r\u00e9sine ?\" \/>\n<meta property=\"og:url\" content=\"https:\/\/www.perminutecreations.lu\/index.php\/produit\/porte-savon\/\" \/>\n<meta property=\"og:site_name\" content=\"PerMinute Creations\" \/>\n<meta property=\"article:modified_time\" content=\"2023-07-14T13:31:32+00:00\" \/>\n<meta property=\"og:image\" content=\"https:\/\/www.perminutecreations.lu\/wp-content\/uploads\/2023\/06\/20230616_092210-1.jpg\" \/>\n\t<meta property=\"og:image:width\" content=\"2252\" \/>\n\t<meta property=\"og:image:height\" content=\"2269\" \/>\n\t<meta property=\"og:image:type\" content=\"image\/jpeg\" \/>\n<meta name=\"twitter:card\" content=\"summary_large_image\" \/>\n<meta name=\"twitter:label1\" content=\"Dur\u00e9e de lecture estim\u00e9e\" \/>\n\t<meta name=\"twitter:data1\" content=\"1 minute\" \/>\n<script type=\"application\/ld+json\" class=\"yoast-schema-graph\">{\"@context\":\"https:\/\/schema.org\",\"@graph\":[{\"@type\":\"WebPage\",\"@id\":\"https:\/\/www.perminutecreations.lu\/index.php\/produit\/porte-savon\/\",\"url\":\"https:\/\/www.perminutecreations.lu\/index.php\/produit\/porte-savon\/\",\"name\":\"Porte-Savon\",\"isPartOf\":{\"@id\":\"https:\/\/www.perminutecreations.lu\/#website\"},\"primaryImageOfPage\":{\"@id\":\"https:\/\/www.perminutecreations.lu\/index.php\/produit\/porte-savon\/#primaryimage\"},\"image\":{\"@id\":\"https:\/\/www.perminutecreations.lu\/index.php\/produit\/porte-savon\/#primaryimage\"},\"thumbnailUrl\":\"https:\/\/www.perminutecreations.lu\/wp-content\/uploads\/2023\/06\/20230616_092210-1.jpg\",\"datePublished\":\"2023-06-09T09:50:48+00:00\",\"dateModified\":\"2023-07-14T13:31:32+00:00\",\"description\":\"Si vous cherchez un objet pratique et original pour votre salle de bain, pourquoi ne pas essayer notre porte-savon \u00e0 personnaliser en r\u00e9sine ?\",\"breadcrumb\":{\"@id\":\"https:\/\/www.perminutecreations.lu\/index.php\/produit\/porte-savon\/#breadcrumb\"},\"inLanguage\":\"fr-FR\",\"potentialAction\":[{\"@type\":\"ReadAction\",\"target\":[\"https:\/\/www.perminutecreations.lu\/index.php\/produit\/porte-savon\/\"]}]},{\"@type\":\"ImageObject\",\"inLanguage\":\"fr-FR\",\"@id\":\"https:\/\/www.perminutecreations.lu\/index.php\/produit\/porte-savon\/#primaryimage\",\"url\":\"https:\/\/www.perminutecreations.lu\/wp-content\/uploads\/2023\/06\/20230616_092210-1.jpg\",\"contentUrl\":\"https:\/\/www.perminutecreations.lu\/wp-content\/uploads\/2023\/06\/20230616_092210-1.jpg\",\"width\":2252,\"height\":2269},{\"@type\":\"BreadcrumbList\",\"@id\":\"https:\/\/www.perminutecreations.lu\/index.php\/produit\/porte-savon\/#breadcrumb\",\"itemListElement\":[{\"@type\":\"ListItem\",\"position\":1,\"name\":\"Accueil\",\"item\":\"https:\/\/www.perminutecreations.lu\/\"},{\"@type\":\"ListItem\",\"position\":2,\"name\":\"Boutique\",\"item\":\"https:\/\/www.perminutecreations.lu\/index.php\/boutique\/\"},{\"@type\":\"ListItem\",\"position\":3,\"name\":\"Porte-Savon\"}]},{\"@type\":\"WebSite\",\"@id\":\"https:\/\/www.perminutecreations.lu\/#website\",\"url\":\"https:\/\/www.perminutecreations.lu\/\",\"name\":\"PerMinute Creations\",\"description\":\"Cr\u00e9ons ensemble!\",\"publisher\":{\"@id\":\"https:\/\/www.perminutecreations.lu\/#organization\"},\"potentialAction\":[{\"@type\":\"SearchAction\",\"target\":{\"@type\":\"EntryPoint\",\"urlTemplate\":\"https:\/\/www.perminutecreations.lu\/?s={search_term_string}\"},\"query-input\":{\"@type\":\"PropertyValueSpecification\",\"valueRequired\":true,\"valueName\":\"search_term_string\"}}],\"inLanguage\":\"fr-FR\"},{\"@type\":\"Organization\",\"@id\":\"https:\/\/www.perminutecreations.lu\/#organization\",\"name\":\"PerMinute Creations\",\"url\":\"https:\/\/www.perminutecreations.lu\/\",\"logo\":{\"@type\":\"ImageObject\",\"inLanguage\":\"fr-FR\",\"@id\":\"https:\/\/www.perminutecreations.lu\/#\/schema\/logo\/image\/\",\"url\":\"https:\/\/www.perminutecreations.lu\/wp-content\/uploads\/2024\/10\/cropped-Copie-de-Beige-Art-Design-Logo_20241028_082737_0000-1.jpg\",\"contentUrl\":\"https:\/\/www.perminutecreations.lu\/wp-content\/uploads\/2024\/10\/cropped-Copie-de-Beige-Art-Design-Logo_20241028_082737_0000-1.jpg\",\"width\":1248,\"height\":1109,\"caption\":\"PerMinute Creations\"},\"image\":{\"@id\":\"https:\/\/www.perminutecreations.lu\/#\/schema\/logo\/image\/\"}}]}<\/script>\n<!-- \/ Yoast SEO plugin. -->","yoast_head_json":{"title":"Porte-Savon","description":"Si vous cherchez un objet pratique et original pour votre salle de bain, pourquoi ne pas essayer notre porte-savon \u00e0 personnaliser en r\u00e9sine ?","robots":{"index":"index","follow":"follow","max-snippet":"max-snippet:-1","max-image-preview":"max-image-preview:large","max-video-preview":"max-video-preview:-1"},"canonical":"https:\/\/www.perminutecreations.lu\/index.php\/produit\/porte-savon\/","og_locale":"fr_FR","og_type":"article","og_title":"Porte-Savon","og_description":"Si vous cherchez un objet pratique et original pour votre salle de bain, pourquoi ne pas essayer notre porte-savon \u00e0 personnaliser en r\u00e9sine ?","og_url":"https:\/\/www.perminutecreations.lu\/index.php\/produit\/porte-savon\/","og_site_name":"PerMinute Creations","article_modified_time":"2023-07-14T13:31:32+00:00","og_image":[{"width":2252,"height":2269,"url":"https:\/\/www.perminutecreations.lu\/wp-content\/uploads\/2023\/06\/20230616_092210-1.jpg","type":"image\/jpeg"}],"twitter_card":"summary_large_image","twitter_misc":{"Dur\u00e9e de lecture estim\u00e9e":"1 minute"},"schema":{"@context":"https:\/\/schema.org","@graph":[{"@type":"WebPage","@id":"https:\/\/www.perminutecreations.lu\/index.php\/produit\/porte-savon\/","url":"https:\/\/www.perminutecreations.lu\/index.php\/produit\/porte-savon\/","name":"Porte-Savon","isPartOf":{"@id":"https:\/\/www.perminutecreations.lu\/#website"},"primaryImageOfPage":{"@id":"https:\/\/www.perminutecreations.lu\/index.php\/produit\/porte-savon\/#primaryimage"},"image":{"@id":"https:\/\/www.perminutecreations.lu\/index.php\/produit\/porte-savon\/#primaryimage"},"thumbnailUrl":"https:\/\/www.perminutecreations.lu\/wp-content\/uploads\/2023\/06\/20230616_092210-1.jpg","datePublished":"2023-06-09T09:50:48+00:00","dateModified":"2023-07-14T13:31:32+00:00","description":"Si vous cherchez un objet pratique et original pour votre salle de bain, pourquoi ne pas essayer notre porte-savon \u00e0 personnaliser en r\u00e9sine ?","breadcrumb":{"@id":"https:\/\/www.perminutecreations.lu\/index.php\/produit\/porte-savon\/#breadcrumb"},"inLanguage":"fr-FR","potentialAction":[{"@type":"ReadAction","target":["https:\/\/www.perminutecreations.lu\/index.php\/produit\/porte-savon\/"]}]},{"@type":"ImageObject","inLanguage":"fr-FR","@id":"https:\/\/www.perminutecreations.lu\/index.php\/produit\/porte-savon\/#primaryimage","url":"https:\/\/www.perminutecreations.lu\/wp-content\/uploads\/2023\/06\/20230616_092210-1.jpg","contentUrl":"https:\/\/www.perminutecreations.lu\/wp-content\/uploads\/2023\/06\/20230616_092210-1.jpg","width":2252,"height":2269},{"@type":"BreadcrumbList","@id":"https:\/\/www.perminutecreations.lu\/index.php\/produit\/porte-savon\/#breadcrumb","itemListElement":[{"@type":"ListItem","position":1,"name":"Accueil","item":"https:\/\/www.perminutecreations.lu\/"},{"@type":"ListItem","position":2,"name":"Boutique","item":"https:\/\/www.perminutecreations.lu\/index.php\/boutique\/"},{"@type":"ListItem","position":3,"name":"Porte-Savon"}]},{"@type":"WebSite","@id":"https:\/\/www.perminutecreations.lu\/#website","url":"https:\/\/www.perminutecreations.lu\/","name":"PerMinute Creations","description":"Cr\u00e9ons ensemble!","publisher":{"@id":"https:\/\/www.perminutecreations.lu\/#organization"},"potentialAction":[{"@type":"SearchAction","target":{"@type":"EntryPoint","urlTemplate":"https:\/\/www.perminutecreations.lu\/?s={search_term_string}"},"query-input":{"@type":"PropertyValueSpecification","valueRequired":true,"valueName":"search_term_string"}}],"inLanguage":"fr-FR"},{"@type":"Organization","@id":"https:\/\/www.perminutecreations.lu\/#organization","name":"PerMinute Creations","url":"https:\/\/www.perminutecreations.lu\/","logo":{"@type":"ImageObject","inLanguage":"fr-FR","@id":"https:\/\/www.perminutecreations.lu\/#\/schema\/logo\/image\/","url":"https:\/\/www.perminutecreations.lu\/wp-content\/uploads\/2024\/10\/cropped-Copie-de-Beige-Art-Design-Logo_20241028_082737_0000-1.jpg","contentUrl":"https:\/\/www.perminutecreations.lu\/wp-content\/uploads\/2024\/10\/cropped-Copie-de-Beige-Art-Design-Logo_20241028_082737_0000-1.jpg","width":1248,"height":1109,"caption":"PerMinute Creations"},"image":{"@id":"https:\/\/www.perminutecreations.lu\/#\/schema\/logo\/image\/"}}]}},"_links":{"self":[{"href":"https:\/\/www.perminutecreations.lu\/index.php\/wp-json\/wp\/v2\/product\/2791","targetHints":{"allow":["GET"]}}],"collection":[{"href":"https:\/\/www.perminutecreations.lu\/index.php\/wp-json\/wp\/v2\/product"}],"about":[{"href":"https:\/\/www.perminutecreations.lu\/index.php\/wp-json\/wp\/v2\/types\/product"}],"replies":[{"embeddable":true,"href":"https:\/\/www.perminutecreations.lu\/index.php\/wp-json\/wp\/v2\/comments?post=2791"}],"wp:featuredmedia":[{"embeddable":true,"href":"https:\/\/www.perminutecreations.lu\/index.php\/wp-json\/wp\/v2\/media\/2971"}],"wp:attachment":[{"href":"https:\/\/www.perminutecreations.lu\/index.php\/wp-json\/wp\/v2\/media?parent=2791"}],"wp:term":[{"taxonomy":"product_brand","embeddable":true,"href":"https:\/\/www.perminutecreations.lu\/index.php\/wp-json\/wp\/v2\/product_brand?post=2791"},{"taxonomy":"product_cat","embeddable":true,"href":"https:\/\/www.perminutecreations.lu\/index.php\/wp-json\/wp\/v2\/product_cat?post=2791"},{"taxonomy":"product_tag","embeddable":true,"href":"https:\/\/www.perminutecreations.lu\/index.php\/wp-json\/wp\/v2\/product_tag?post=2791"}],"curies":[{"name":"wp","href":"https:\/\/api.w.org\/{rel}","templated":true}]}}