{"id":2833,"date":"2023-06-26T07:18:54","date_gmt":"2023-06-26T07:18:54","guid":{"rendered":"https:\/\/www.perminutecreations.lu\/?post_type=product&#038;p=2833"},"modified":"2023-08-03T06:11:58","modified_gmt":"2023-08-03T06:11:58","slug":"cendrier-s","status":"publish","type":"product","link":"https:\/\/www.perminutecreations.lu\/index.php\/produit\/cendrier-s\/","title":{"rendered":"Cendrier S"},"content":{"rendered":"<p><span class=\"x4k7w5x x1h91t0o x1h9r5lt xv2umb2 x1beo9mf xaigb6o x12ejxvf x3igimt xarpa2k xedcshv x1lytzrv x1t2pt76 x7ja8zs x1qrby5j x1jfb8zj\">Besoin d&rsquo;un cadeau unique et original pour un fumeur ? Optez pour un cendrier \u00e0 personnaliser ! <\/span><\/p>\n<p><span class=\"x4k7w5x x1h91t0o x1h9r5lt xv2umb2 x1beo9mf xaigb6o x12ejxvf x3igimt xarpa2k xedcshv x1lytzrv x1t2pt76 x7ja8zs x1qrby5j x1jfb8zj\">Celui-ci deviendra rapidement l&rsquo;accessoire indispensable pour tous les amateurs de cigarettes, cigares et pipes. <\/span><\/p>\n<p><span class=\"x4k7w5x x1h91t0o x1h9r5lt xv2umb2 x1beo9mf xaigb6o x12ejxvf x3igimt xarpa2k xedcshv x1lytzrv x1t2pt76 x7ja8zs x1qrby5j x1jfb8zj\">Gr\u00e2ce \u00e0 notre s\u00e9lection de cendriers \u00e0 personnaliser, vous pourrez choisir parmi diff\u00e9rentes couleurs, pour un cendrier qui soit \u00e0 votre go\u00fbt. <\/span><\/p>\n<p><span class=\"x4k7w5x x1h91t0o x1h9r5lt xv2umb2 x1beo9mf xaigb6o x12ejxvf x3igimt xarpa2k xedcshv x1lytzrv x1t2pt76 x7ja8zs x1qrby5j x1jfb8zj\">Vous pourrez \u00e9galement y ajouter un message, une image ou un dessin pour le rendre encore plus unique. <\/span><\/p>\n<p><span class=\"x4k7w5x x1h91t0o x1h9r5lt xv2umb2 x1beo9mf xaigb6o x12ejxvf x3igimt xarpa2k xedcshv x1lytzrv x1t2pt76 x7ja8zs x1qrby5j x1jfb8zj\">Imaginez offrir un cendrier \u00e0 personnaliser pour un anniversaire, une f\u00eate des p\u00e8res ou des m\u00e8res, ou tout autre occasion sp\u00e9ciale. <\/span><\/p>\n<p><span class=\"x4k7w5x x1h91t0o x1h9r5lt xv2umb2 x1beo9mf xaigb6o x12ejxvf x3igimt xarpa2k xedcshv x1lytzrv x1t2pt76 x7ja8zs x1qrby5j x1jfb8zj\">Ce cadeau artisanal et sur-mesure fera assur\u00e9ment plaisir \u00e0 son destinataire. <\/span><\/p>\n<p><span class=\"x4k7w5x x1h91t0o x1h9r5lt xv2umb2 x1beo9mf xaigb6o x12ejxvf x3igimt xarpa2k xedcshv x1lytzrv x1t2pt76 x7ja8zs x1qrby5j x1jfb8zj\">De plus, il est facile d&rsquo;entretien et r\u00e9sistant, pour une utilisation \u00e0 long terme.<\/span><\/p>\n<p><span class=\"x4k7w5x x1h91t0o x1h9r5lt xv2umb2 x1beo9mf xaigb6o x12ejxvf x3igimt xarpa2k xedcshv x1lytzrv x1t2pt76 x7ja8zs x1qrby5j x1jfb8zj\"> \u00c0 la fois pratique et esth\u00e9tique, il sera parfait pour tous les fumeurs. <\/span><\/p>\n<p><span class=\"x4k7w5x x1h91t0o x1h9r5lt xv2umb2 x1beo9mf xaigb6o x12ejxvf x3igimt xarpa2k xedcshv x1lytzrv x1t2pt76 x7ja8zs x1qrby5j x1jfb8zj\">Alors, n&rsquo;h\u00e9sitez plus et offrez un cadeau sur-mesure et original avec notre cendrier personnalis\u00e9 !<\/span><\/p>\n","protected":false},"excerpt":{"rendered":"<p>Taille: 10cm*10cm<\/p>\n<p>Mat\u00e9riau: R\u00e9sine<\/p>\n<p>Temps de cr\u00e9ation: 3-4 jours<\/p>\n","protected":false},"featured_media":2859,"comment_status":"open","ping_status":"closed","template":"","meta":{"_monsterinsights_skip_tracking":false,"_monsterinsights_sitenote_active":false,"_monsterinsights_sitenote_note":"","_monsterinsights_sitenote_category":0,"ocean_post_layout":"","ocean_both_sidebars_style":"","ocean_both_sidebars_content_width":0,"ocean_both_sidebars_sidebars_width":0,"ocean_sidebar":"0","ocean_second_sidebar":"0","ocean_disable_margins":"enable","ocean_add_body_class":"","ocean_shortcode_before_top_bar":"","ocean_shortcode_after_top_bar":"","ocean_shortcode_before_header":"","ocean_shortcode_after_header":"","ocean_has_shortcode":"","ocean_shortcode_after_title":"","ocean_shortcode_before_footer_widgets":"","ocean_shortcode_after_footer_widgets":"","ocean_shortcode_before_footer_bottom":"","ocean_shortcode_after_footer_bottom":"","ocean_display_top_bar":"default","ocean_display_header":"default","ocean_header_style":"","ocean_center_header_left_menu":"0","ocean_custom_header_template":"0","ocean_custom_logo":0,"ocean_custom_retina_logo":0,"ocean_custom_logo_max_width":0,"ocean_custom_logo_tablet_max_width":0,"ocean_custom_logo_mobile_max_width":0,"ocean_custom_logo_max_height":0,"ocean_custom_logo_tablet_max_height":0,"ocean_custom_logo_mobile_max_height":0,"ocean_header_custom_menu":"0","ocean_menu_typo_font_family":"0","ocean_menu_typo_font_subset":"","ocean_menu_typo_font_size":0,"ocean_menu_typo_font_size_tablet":0,"ocean_menu_typo_font_size_mobile":0,"ocean_menu_typo_font_size_unit":"px","ocean_menu_typo_font_weight":"","ocean_menu_typo_font_weight_tablet":"","ocean_menu_typo_font_weight_mobile":"","ocean_menu_typo_transform":"","ocean_menu_typo_transform_tablet":"","ocean_menu_typo_transform_mobile":"","ocean_menu_typo_line_height":0,"ocean_menu_typo_line_height_tablet":0,"ocean_menu_typo_line_height_mobile":0,"ocean_menu_typo_line_height_unit":"","ocean_menu_typo_spacing":0,"ocean_menu_typo_spacing_tablet":0,"ocean_menu_typo_spacing_mobile":0,"ocean_menu_typo_spacing_unit":"","ocean_menu_link_color":"","ocean_menu_link_color_hover":"","ocean_menu_link_color_active":"","ocean_menu_link_background":"","ocean_menu_link_hover_background":"","ocean_menu_link_active_background":"","ocean_menu_social_links_bg":"","ocean_menu_social_hover_links_bg":"","ocean_menu_social_links_color":"","ocean_menu_social_hover_links_color":"","ocean_disable_title":"default","ocean_disable_heading":"default","ocean_post_title":"","ocean_post_subheading":"","ocean_post_title_style":"","ocean_post_title_background_color":"","ocean_post_title_background":0,"ocean_post_title_bg_image_position":"","ocean_post_title_bg_image_attachment":"","ocean_post_title_bg_image_repeat":"","ocean_post_title_bg_image_size":"","ocean_post_title_height":0,"ocean_post_title_bg_overlay":0.5,"ocean_post_title_bg_overlay_color":"","ocean_disable_breadcrumbs":"default","ocean_breadcrumbs_color":"","ocean_breadcrumbs_separator_color":"","ocean_breadcrumbs_links_color":"","ocean_breadcrumbs_links_hover_color":"","ocean_display_footer_widgets":"default","ocean_display_footer_bottom":"default","ocean_custom_footer_template":"0","omw_enable_modal_window":"enable"},"product_brand":[],"product_cat":[38,36],"product_tag":[],"class_list":{"0":"post-2833","1":"product","2":"type-product","3":"status-publish","4":"has-post-thumbnail","6":"product_cat-maison","7":"product_cat-decoration","9":"entry","10":"has-media","12":"first","13":"instock","14":"purchasable","15":"product-type-variable","16":"has-product-nav","17":"col","18":"span_1_of_4","19":"owp-content-center","20":"owp-thumbs-layout-horizontal","21":"owp-btn-normal","22":"owp-tabs-layout-horizontal"},"yoast_head":"<!-- This site is optimized with the Yoast SEO plugin v27.1.1 - https:\/\/yoast.com\/product\/yoast-seo-wordpress\/ -->\n<title>Cendrier S<\/title>\n<meta name=\"description\" content=\"Besoin d&#039;un cadeau unique et original pour un fumeur ? Optez pour un cendrier \u00e0 personnaliser disponible en plusieurs couleurs.\" \/>\n<meta name=\"robots\" content=\"index, follow, max-snippet:-1, max-image-preview:large, max-video-preview:-1\" \/>\n<link rel=\"canonical\" href=\"https:\/\/www.perminutecreations.lu\/index.php\/produit\/cendrier-s\/\" \/>\n<meta property=\"og:locale\" content=\"fr_FR\" \/>\n<meta property=\"og:type\" content=\"article\" \/>\n<meta property=\"og:title\" content=\"Cendrier S\" \/>\n<meta property=\"og:description\" content=\"Besoin d&#039;un cadeau unique et original pour un fumeur ? Optez pour un cendrier \u00e0 personnaliser disponible en plusieurs couleurs.\" \/>\n<meta property=\"og:url\" content=\"https:\/\/www.perminutecreations.lu\/index.php\/produit\/cendrier-s\/\" \/>\n<meta property=\"og:site_name\" content=\"PerMinute Creations\" \/>\n<meta property=\"article:modified_time\" content=\"2023-08-03T06:11:58+00:00\" \/>\n<meta property=\"og:image\" content=\"https:\/\/www.perminutecreations.lu\/wp-content\/uploads\/2023\/06\/20230705_145326-removebg-Copia.png\" \/>\n\t<meta property=\"og:image:width\" content=\"2161\" \/>\n\t<meta property=\"og:image:height\" content=\"2243\" \/>\n\t<meta property=\"og:image:type\" content=\"image\/png\" \/>\n<meta name=\"twitter:card\" content=\"summary_large_image\" \/>\n<meta name=\"twitter:label1\" content=\"Dur\u00e9e de lecture estim\u00e9e\" \/>\n\t<meta name=\"twitter:data1\" content=\"1 minute\" \/>\n<script type=\"application\/ld+json\" class=\"yoast-schema-graph\">{\"@context\":\"https:\/\/schema.org\",\"@graph\":[{\"@type\":\"WebPage\",\"@id\":\"https:\/\/www.perminutecreations.lu\/index.php\/produit\/cendrier-s\/\",\"url\":\"https:\/\/www.perminutecreations.lu\/index.php\/produit\/cendrier-s\/\",\"name\":\"Cendrier S\",\"isPartOf\":{\"@id\":\"https:\/\/www.perminutecreations.lu\/#website\"},\"primaryImageOfPage\":{\"@id\":\"https:\/\/www.perminutecreations.lu\/index.php\/produit\/cendrier-s\/#primaryimage\"},\"image\":{\"@id\":\"https:\/\/www.perminutecreations.lu\/index.php\/produit\/cendrier-s\/#primaryimage\"},\"thumbnailUrl\":\"https:\/\/www.perminutecreations.lu\/wp-content\/uploads\/2023\/06\/20230705_145326-removebg-Copia.png\",\"datePublished\":\"2023-06-26T07:18:54+00:00\",\"dateModified\":\"2023-08-03T06:11:58+00:00\",\"description\":\"Besoin d'un cadeau unique et original pour un fumeur ? Optez pour un cendrier \u00e0 personnaliser disponible en plusieurs couleurs.\",\"breadcrumb\":{\"@id\":\"https:\/\/www.perminutecreations.lu\/index.php\/produit\/cendrier-s\/#breadcrumb\"},\"inLanguage\":\"fr-FR\",\"potentialAction\":[{\"@type\":\"ReadAction\",\"target\":[\"https:\/\/www.perminutecreations.lu\/index.php\/produit\/cendrier-s\/\"]}]},{\"@type\":\"ImageObject\",\"inLanguage\":\"fr-FR\",\"@id\":\"https:\/\/www.perminutecreations.lu\/index.php\/produit\/cendrier-s\/#primaryimage\",\"url\":\"https:\/\/www.perminutecreations.lu\/wp-content\/uploads\/2023\/06\/20230705_145326-removebg-Copia.png\",\"contentUrl\":\"https:\/\/www.perminutecreations.lu\/wp-content\/uploads\/2023\/06\/20230705_145326-removebg-Copia.png\",\"width\":2161,\"height\":2243},{\"@type\":\"BreadcrumbList\",\"@id\":\"https:\/\/www.perminutecreations.lu\/index.php\/produit\/cendrier-s\/#breadcrumb\",\"itemListElement\":[{\"@type\":\"ListItem\",\"position\":1,\"name\":\"Accueil\",\"item\":\"https:\/\/www.perminutecreations.lu\/\"},{\"@type\":\"ListItem\",\"position\":2,\"name\":\"Boutique\",\"item\":\"https:\/\/www.perminutecreations.lu\/index.php\/boutique\/\"},{\"@type\":\"ListItem\",\"position\":3,\"name\":\"Cendrier S\"}]},{\"@type\":\"WebSite\",\"@id\":\"https:\/\/www.perminutecreations.lu\/#website\",\"url\":\"https:\/\/www.perminutecreations.lu\/\",\"name\":\"PerMinute Creations\",\"description\":\"Cr\u00e9ons ensemble!\",\"publisher\":{\"@id\":\"https:\/\/www.perminutecreations.lu\/#organization\"},\"potentialAction\":[{\"@type\":\"SearchAction\",\"target\":{\"@type\":\"EntryPoint\",\"urlTemplate\":\"https:\/\/www.perminutecreations.lu\/?s={search_term_string}\"},\"query-input\":{\"@type\":\"PropertyValueSpecification\",\"valueRequired\":true,\"valueName\":\"search_term_string\"}}],\"inLanguage\":\"fr-FR\"},{\"@type\":\"Organization\",\"@id\":\"https:\/\/www.perminutecreations.lu\/#organization\",\"name\":\"PerMinute Creations\",\"url\":\"https:\/\/www.perminutecreations.lu\/\",\"logo\":{\"@type\":\"ImageObject\",\"inLanguage\":\"fr-FR\",\"@id\":\"https:\/\/www.perminutecreations.lu\/#\/schema\/logo\/image\/\",\"url\":\"https:\/\/www.perminutecreations.lu\/wp-content\/uploads\/2024\/10\/cropped-Copie-de-Beige-Art-Design-Logo_20241028_082737_0000-1.jpg\",\"contentUrl\":\"https:\/\/www.perminutecreations.lu\/wp-content\/uploads\/2024\/10\/cropped-Copie-de-Beige-Art-Design-Logo_20241028_082737_0000-1.jpg\",\"width\":1248,\"height\":1109,\"caption\":\"PerMinute Creations\"},\"image\":{\"@id\":\"https:\/\/www.perminutecreations.lu\/#\/schema\/logo\/image\/\"}}]}<\/script>\n<!-- \/ Yoast SEO plugin. -->","yoast_head_json":{"title":"Cendrier S","description":"Besoin d'un cadeau unique et original pour un fumeur ? Optez pour un cendrier \u00e0 personnaliser disponible en plusieurs couleurs.","robots":{"index":"index","follow":"follow","max-snippet":"max-snippet:-1","max-image-preview":"max-image-preview:large","max-video-preview":"max-video-preview:-1"},"canonical":"https:\/\/www.perminutecreations.lu\/index.php\/produit\/cendrier-s\/","og_locale":"fr_FR","og_type":"article","og_title":"Cendrier S","og_description":"Besoin d'un cadeau unique et original pour un fumeur ? Optez pour un cendrier \u00e0 personnaliser disponible en plusieurs couleurs.","og_url":"https:\/\/www.perminutecreations.lu\/index.php\/produit\/cendrier-s\/","og_site_name":"PerMinute Creations","article_modified_time":"2023-08-03T06:11:58+00:00","og_image":[{"width":2161,"height":2243,"url":"https:\/\/www.perminutecreations.lu\/wp-content\/uploads\/2023\/06\/20230705_145326-removebg-Copia.png","type":"image\/png"}],"twitter_card":"summary_large_image","twitter_misc":{"Dur\u00e9e de lecture estim\u00e9e":"1 minute"},"schema":{"@context":"https:\/\/schema.org","@graph":[{"@type":"WebPage","@id":"https:\/\/www.perminutecreations.lu\/index.php\/produit\/cendrier-s\/","url":"https:\/\/www.perminutecreations.lu\/index.php\/produit\/cendrier-s\/","name":"Cendrier S","isPartOf":{"@id":"https:\/\/www.perminutecreations.lu\/#website"},"primaryImageOfPage":{"@id":"https:\/\/www.perminutecreations.lu\/index.php\/produit\/cendrier-s\/#primaryimage"},"image":{"@id":"https:\/\/www.perminutecreations.lu\/index.php\/produit\/cendrier-s\/#primaryimage"},"thumbnailUrl":"https:\/\/www.perminutecreations.lu\/wp-content\/uploads\/2023\/06\/20230705_145326-removebg-Copia.png","datePublished":"2023-06-26T07:18:54+00:00","dateModified":"2023-08-03T06:11:58+00:00","description":"Besoin d'un cadeau unique et original pour un fumeur ? Optez pour un cendrier \u00e0 personnaliser disponible en plusieurs couleurs.","breadcrumb":{"@id":"https:\/\/www.perminutecreations.lu\/index.php\/produit\/cendrier-s\/#breadcrumb"},"inLanguage":"fr-FR","potentialAction":[{"@type":"ReadAction","target":["https:\/\/www.perminutecreations.lu\/index.php\/produit\/cendrier-s\/"]}]},{"@type":"ImageObject","inLanguage":"fr-FR","@id":"https:\/\/www.perminutecreations.lu\/index.php\/produit\/cendrier-s\/#primaryimage","url":"https:\/\/www.perminutecreations.lu\/wp-content\/uploads\/2023\/06\/20230705_145326-removebg-Copia.png","contentUrl":"https:\/\/www.perminutecreations.lu\/wp-content\/uploads\/2023\/06\/20230705_145326-removebg-Copia.png","width":2161,"height":2243},{"@type":"BreadcrumbList","@id":"https:\/\/www.perminutecreations.lu\/index.php\/produit\/cendrier-s\/#breadcrumb","itemListElement":[{"@type":"ListItem","position":1,"name":"Accueil","item":"https:\/\/www.perminutecreations.lu\/"},{"@type":"ListItem","position":2,"name":"Boutique","item":"https:\/\/www.perminutecreations.lu\/index.php\/boutique\/"},{"@type":"ListItem","position":3,"name":"Cendrier S"}]},{"@type":"WebSite","@id":"https:\/\/www.perminutecreations.lu\/#website","url":"https:\/\/www.perminutecreations.lu\/","name":"PerMinute Creations","description":"Cr\u00e9ons ensemble!","publisher":{"@id":"https:\/\/www.perminutecreations.lu\/#organization"},"potentialAction":[{"@type":"SearchAction","target":{"@type":"EntryPoint","urlTemplate":"https:\/\/www.perminutecreations.lu\/?s={search_term_string}"},"query-input":{"@type":"PropertyValueSpecification","valueRequired":true,"valueName":"search_term_string"}}],"inLanguage":"fr-FR"},{"@type":"Organization","@id":"https:\/\/www.perminutecreations.lu\/#organization","name":"PerMinute Creations","url":"https:\/\/www.perminutecreations.lu\/","logo":{"@type":"ImageObject","inLanguage":"fr-FR","@id":"https:\/\/www.perminutecreations.lu\/#\/schema\/logo\/image\/","url":"https:\/\/www.perminutecreations.lu\/wp-content\/uploads\/2024\/10\/cropped-Copie-de-Beige-Art-Design-Logo_20241028_082737_0000-1.jpg","contentUrl":"https:\/\/www.perminutecreations.lu\/wp-content\/uploads\/2024\/10\/cropped-Copie-de-Beige-Art-Design-Logo_20241028_082737_0000-1.jpg","width":1248,"height":1109,"caption":"PerMinute Creations"},"image":{"@id":"https:\/\/www.perminutecreations.lu\/#\/schema\/logo\/image\/"}}]}},"_links":{"self":[{"href":"https:\/\/www.perminutecreations.lu\/index.php\/wp-json\/wp\/v2\/product\/2833","targetHints":{"allow":["GET"]}}],"collection":[{"href":"https:\/\/www.perminutecreations.lu\/index.php\/wp-json\/wp\/v2\/product"}],"about":[{"href":"https:\/\/www.perminutecreations.lu\/index.php\/wp-json\/wp\/v2\/types\/product"}],"replies":[{"embeddable":true,"href":"https:\/\/www.perminutecreations.lu\/index.php\/wp-json\/wp\/v2\/comments?post=2833"}],"wp:featuredmedia":[{"embeddable":true,"href":"https:\/\/www.perminutecreations.lu\/index.php\/wp-json\/wp\/v2\/media\/2859"}],"wp:attachment":[{"href":"https:\/\/www.perminutecreations.lu\/index.php\/wp-json\/wp\/v2\/media?parent=2833"}],"wp:term":[{"taxonomy":"product_brand","embeddable":true,"href":"https:\/\/www.perminutecreations.lu\/index.php\/wp-json\/wp\/v2\/product_brand?post=2833"},{"taxonomy":"product_cat","embeddable":true,"href":"https:\/\/www.perminutecreations.lu\/index.php\/wp-json\/wp\/v2\/product_cat?post=2833"},{"taxonomy":"product_tag","embeddable":true,"href":"https:\/\/www.perminutecreations.lu\/index.php\/wp-json\/wp\/v2\/product_tag?post=2833"}],"curies":[{"name":"wp","href":"https:\/\/api.w.org\/{rel}","templated":true}]}}