{"id":3033,"date":"2023-09-05T08:50:43","date_gmt":"2023-09-05T08:50:43","guid":{"rendered":"https:\/\/www.perminutecreations.lu\/?post_type=product&#038;p=3033"},"modified":"2025-09-26T13:07:04","modified_gmt":"2025-09-26T13:07:04","slug":"tic-tac-toe","status":"publish","type":"product","link":"https:\/\/www.perminutecreations.lu\/index.php\/produit\/tic-tac-toe\/","title":{"rendered":"Tic Tac Toe"},"content":{"rendered":"<p><span class=\"x4k7w5x x1h91t0o x1h9r5lt x1jfb8zj xv2umb2 x1beo9mf xaigb6o x12ejxvf x3igimt xarpa2k xedcshv x1lytzrv x1t2pt76 x7ja8zs x1qrby5j\">Vous avez toujours aim\u00e9 jouer au tic-tac-toe, mais vous trouvez que les jeux traditionnels manquent de personnalisation ? Ne cherchez plus ! Vous pouvez d\u00e9sormais jouer avec une touche personnelle. <\/span><\/p>\n<p><span class=\"x4k7w5x x1h91t0o x1h9r5lt x1jfb8zj xv2umb2 x1beo9mf xaigb6o x12ejxvf x3igimt xarpa2k xedcshv x1lytzrv x1t2pt76 x7ja8zs x1qrby5j\">Imaginez un jeu o\u00f9 vous pouvez personnaliser chaque aspect : les couleurs, et m\u00eame le fond ! <\/span><\/p>\n<p><span class=\"x4k7w5x x1h91t0o x1h9r5lt x1jfb8zj xv2umb2 x1beo9mf xaigb6o x12ejxvf x3igimt xarpa2k xedcshv x1lytzrv x1t2pt76 x7ja8zs x1qrby5j\">Avec le ce jeu personnalisable, les possibilit\u00e9s sont infinies. <span class=\"x3nfvp2 x1j61x8r x1fcty0u xdj266r xhhsvwb xat24cr xgzva0m xxymvpz xlup9mm x1kky2od\"><img decoding=\"async\" src=\"https:\/\/static.xx.fbcdn.net\/images\/emoji.php\/v9\/t39\/1.5\/16\/1f31f.png\" alt=\"\ud83c\udf1f\" width=\"16\" height=\"16\" \/><\/span> <\/span><\/p>\n<p><span class=\"x4k7w5x x1h91t0o x1h9r5lt x1jfb8zj xv2umb2 x1beo9mf xaigb6o x12ejxvf x3igimt xarpa2k xedcshv x1lytzrv x1t2pt76 x7ja8zs x1qrby5j\"><span class=\"x3nfvp2 x1j61x8r x1fcty0u xdj266r xhhsvwb xat24cr xgzva0m xxymvpz xlup9mm x1kky2od\"><img decoding=\"async\" src=\"https:\/\/static.xx.fbcdn.net\/images\/emoji.php\/v9\/tdb\/1.5\/16\/1f3a8.png\" alt=\"\ud83c\udfa8\" width=\"16\" height=\"16\" \/><\/span> Personnalisation des couleurs : Donnez vie \u00e0 votre jeu en choisissant les couleurs qui vous inspirent. Que vous pr\u00e9f\u00e9riez des couleurs vives et audacieuses ou des tons plus doux et apaisants, vous pouvez adapter le jeu \u00e0 votre style unique. <span class=\"x3nfvp2 x1j61x8r x1fcty0u xdj266r xhhsvwb xat24cr xgzva0m xxymvpz xlup9mm x1kky2od\"><img decoding=\"async\" src=\"https:\/\/static.xx.fbcdn.net\/images\/emoji.php\/v9\/t68\/1.5\/16\/1f304.png\" alt=\"\ud83c\udf04\" width=\"16\" height=\"16\" \/><\/span> <\/span><span class=\"x4k7w5x x1h91t0o x1h9r5lt x1jfb8zj xv2umb2 x1beo9mf xaigb6o x12ejxvf x3igimt xarpa2k xedcshv x1lytzrv x1t2pt76 x7ja8zs x1qrby5j\">Fond personnalisable : Cr\u00e9ez une ambiance visuelle qui correspond \u00e0 vos go\u00fbts.<\/span><\/p>\n<p><span class=\"x4k7w5x x1h91t0o x1h9r5lt x1jfb8zj xv2umb2 x1beo9mf xaigb6o x12ejxvf x3igimt xarpa2k xedcshv x1lytzrv x1t2pt76 x7ja8zs x1qrby5j\">Laissez libre cours \u00e0 votre imagination et inventez le votre !\u00a0 Il rendra vos parties encore plus agr\u00e9ables et divertissantes. <\/span><\/p>\n<p><span class=\"x4k7w5x x1h91t0o x1h9r5lt x1jfb8zj xv2umb2 x1beo9mf xaigb6o x12ejxvf x3igimt xarpa2k xedcshv x1lytzrv x1t2pt76 x7ja8zs x1qrby5j\">Qu&rsquo;attendez-vous ? Rejoignez d\u00e8s maintenant la nouvelle g\u00e9n\u00e9ration du tic-tac-toe et vivez une exp\u00e9rience personnalis\u00e9e ! <span class=\"x3nfvp2 x1j61x8r x1fcty0u xdj266r xhhsvwb xat24cr xgzva0m xxymvpz xlup9mm x1kky2od\"><img decoding=\"async\" src=\"https:\/\/static.xx.fbcdn.net\/images\/emoji.php\/v9\/t39\/1.5\/16\/1f31f.png\" alt=\"\ud83c\udf1f\" width=\"16\" height=\"16\" \/><\/span> <\/span><\/p>\n<p><span class=\"x4k7w5x x1h91t0o x1h9r5lt x1jfb8zj xv2umb2 x1beo9mf xaigb6o x12ejxvf x3igimt xarpa2k xedcshv x1lytzrv x1t2pt76 x7ja8zs x1qrby5j\">Personnalisez, jouez, amusez-vous ! <span class=\"x3nfvp2 x1j61x8r x1fcty0u xdj266r xhhsvwb xat24cr xgzva0m xxymvpz xlup9mm x1kky2od\"><img decoding=\"async\" src=\"https:\/\/static.xx.fbcdn.net\/images\/emoji.php\/v9\/t39\/1.5\/16\/1f31f.png\" alt=\"\ud83c\udf1f\" width=\"16\" height=\"16\" \/><\/span><\/span><\/p>\n","protected":false},"excerpt":{"rendered":"<p>Vous avez toujours aim\u00e9 jouer au tic-tac-toe, mais vous trouvez que les jeux traditionnels manquent de personnalisation ? Ne cherchez plus ! Vous pouvez d\u00e9sormais jouer avec une touche personnelle. Imaginez un jeu o\u00f9 vous pouvez personnaliser chaque aspect : les couleurs, et m\u00eame le fond ! Avec le ce jeu personnalisable, les possibilit\u00e9s sont [&hellip;]<\/p>\n","protected":false},"featured_media":3121,"comment_status":"open","ping_status":"closed","template":"","meta":{"_monsterinsights_skip_tracking":false,"_monsterinsights_sitenote_active":false,"_monsterinsights_sitenote_note":"","_monsterinsights_sitenote_category":0,"ocean_post_layout":"","ocean_both_sidebars_style":"","ocean_both_sidebars_content_width":0,"ocean_both_sidebars_sidebars_width":0,"ocean_sidebar":"0","ocean_second_sidebar":"0","ocean_disable_margins":"enable","ocean_add_body_class":"","ocean_shortcode_before_top_bar":"","ocean_shortcode_after_top_bar":"","ocean_shortcode_before_header":"","ocean_shortcode_after_header":"","ocean_has_shortcode":"","ocean_shortcode_after_title":"","ocean_shortcode_before_footer_widgets":"","ocean_shortcode_after_footer_widgets":"","ocean_shortcode_before_footer_bottom":"","ocean_shortcode_after_footer_bottom":"","ocean_display_top_bar":"default","ocean_display_header":"default","ocean_header_style":"","ocean_center_header_left_menu":"0","ocean_custom_header_template":"0","ocean_custom_logo":0,"ocean_custom_retina_logo":0,"ocean_custom_logo_max_width":0,"ocean_custom_logo_tablet_max_width":0,"ocean_custom_logo_mobile_max_width":0,"ocean_custom_logo_max_height":0,"ocean_custom_logo_tablet_max_height":0,"ocean_custom_logo_mobile_max_height":0,"ocean_header_custom_menu":"0","ocean_menu_typo_font_family":"0","ocean_menu_typo_font_subset":"","ocean_menu_typo_font_size":0,"ocean_menu_typo_font_size_tablet":0,"ocean_menu_typo_font_size_mobile":0,"ocean_menu_typo_font_size_unit":"px","ocean_menu_typo_font_weight":"","ocean_menu_typo_font_weight_tablet":"","ocean_menu_typo_font_weight_mobile":"","ocean_menu_typo_transform":"","ocean_menu_typo_transform_tablet":"","ocean_menu_typo_transform_mobile":"","ocean_menu_typo_line_height":0,"ocean_menu_typo_line_height_tablet":0,"ocean_menu_typo_line_height_mobile":0,"ocean_menu_typo_line_height_unit":"","ocean_menu_typo_spacing":0,"ocean_menu_typo_spacing_tablet":0,"ocean_menu_typo_spacing_mobile":0,"ocean_menu_typo_spacing_unit":"","ocean_menu_link_color":"","ocean_menu_link_color_hover":"","ocean_menu_link_color_active":"","ocean_menu_link_background":"","ocean_menu_link_hover_background":"","ocean_menu_link_active_background":"","ocean_menu_social_links_bg":"","ocean_menu_social_hover_links_bg":"","ocean_menu_social_links_color":"","ocean_menu_social_hover_links_color":"","ocean_disable_title":"default","ocean_disable_heading":"default","ocean_post_title":"","ocean_post_subheading":"","ocean_post_title_style":"","ocean_post_title_background_color":"","ocean_post_title_background":0,"ocean_post_title_bg_image_position":"","ocean_post_title_bg_image_attachment":"","ocean_post_title_bg_image_repeat":"","ocean_post_title_bg_image_size":"","ocean_post_title_height":0,"ocean_post_title_bg_overlay":0.5,"ocean_post_title_bg_overlay_color":"","ocean_disable_breadcrumbs":"default","ocean_breadcrumbs_color":"","ocean_breadcrumbs_separator_color":"","ocean_breadcrumbs_links_color":"","ocean_breadcrumbs_links_hover_color":"","ocean_display_footer_widgets":"default","ocean_display_footer_bottom":"default","ocean_custom_footer_template":"0","omw_enable_modal_window":"enable"},"product_brand":[],"product_cat":[52],"product_tag":[],"class_list":{"0":"post-3033","1":"product","2":"type-product","3":"status-publish","4":"has-post-thumbnail","6":"product_cat-jeux","8":"entry","9":"has-media","11":"first","12":"instock","13":"purchasable","14":"product-type-variable","15":"has-product-nav","16":"col","17":"span_1_of_4","18":"owp-content-center","19":"owp-thumbs-layout-horizontal","20":"owp-btn-normal","21":"owp-tabs-layout-horizontal"},"yoast_head":"<!-- This site is optimized with the Yoast SEO plugin v27.1.1 - https:\/\/yoast.com\/product\/yoast-seo-wordpress\/ -->\n<title>Tic Tac Toe<\/title>\n<meta name=\"description\" content=\"Vous avez toujours aim\u00e9 jouer au tic-tac-toe, mais vous trouvez que les jeux traditionnels manquent de personnalisation? personnalisez, jouez, amusez-vous !\" \/>\n<meta name=\"robots\" content=\"index, follow, max-snippet:-1, max-image-preview:large, max-video-preview:-1\" \/>\n<link rel=\"canonical\" href=\"https:\/\/www.perminutecreations.lu\/index.php\/produit\/tic-tac-toe\/\" \/>\n<meta property=\"og:locale\" content=\"fr_FR\" \/>\n<meta property=\"og:type\" content=\"article\" \/>\n<meta property=\"og:title\" content=\"Tic Tac Toe\" \/>\n<meta property=\"og:description\" content=\"Vous avez toujours aim\u00e9 jouer au tic-tac-toe, mais vous trouvez que les jeux traditionnels manquent de personnalisation? personnalisez, jouez, amusez-vous !\" \/>\n<meta property=\"og:url\" content=\"https:\/\/www.perminutecreations.lu\/index.php\/produit\/tic-tac-toe\/\" \/>\n<meta property=\"og:site_name\" content=\"PerMinute Creations\" \/>\n<meta property=\"article:modified_time\" content=\"2025-09-26T13:07:04+00:00\" \/>\n<meta property=\"og:image\" content=\"https:\/\/www.perminutecreations.lu\/wp-content\/uploads\/2023\/09\/20230909_142041-rbg-blanc.png\" \/>\n\t<meta property=\"og:image:width\" content=\"547\" \/>\n\t<meta property=\"og:image:height\" content=\"456\" \/>\n\t<meta property=\"og:image:type\" content=\"image\/png\" \/>\n<meta name=\"twitter:card\" content=\"summary_large_image\" \/>\n<meta name=\"twitter:label1\" content=\"Dur\u00e9e de lecture estim\u00e9e\" \/>\n\t<meta name=\"twitter:data1\" content=\"2 minutes\" \/>\n<script type=\"application\/ld+json\" class=\"yoast-schema-graph\">{\"@context\":\"https:\/\/schema.org\",\"@graph\":[{\"@type\":\"WebPage\",\"@id\":\"https:\/\/www.perminutecreations.lu\/index.php\/produit\/tic-tac-toe\/\",\"url\":\"https:\/\/www.perminutecreations.lu\/index.php\/produit\/tic-tac-toe\/\",\"name\":\"Tic Tac Toe\",\"isPartOf\":{\"@id\":\"https:\/\/www.perminutecreations.lu\/#website\"},\"primaryImageOfPage\":{\"@id\":\"https:\/\/www.perminutecreations.lu\/index.php\/produit\/tic-tac-toe\/#primaryimage\"},\"image\":{\"@id\":\"https:\/\/www.perminutecreations.lu\/index.php\/produit\/tic-tac-toe\/#primaryimage\"},\"thumbnailUrl\":\"https:\/\/www.perminutecreations.lu\/wp-content\/uploads\/2023\/09\/20230909_142041-rbg-blanc.png\",\"datePublished\":\"2023-09-05T08:50:43+00:00\",\"dateModified\":\"2025-09-26T13:07:04+00:00\",\"description\":\"Vous avez toujours aim\u00e9 jouer au tic-tac-toe, mais vous trouvez que les jeux traditionnels manquent de personnalisation? personnalisez, jouez, amusez-vous !\",\"breadcrumb\":{\"@id\":\"https:\/\/www.perminutecreations.lu\/index.php\/produit\/tic-tac-toe\/#breadcrumb\"},\"inLanguage\":\"fr-FR\",\"potentialAction\":[{\"@type\":\"ReadAction\",\"target\":[\"https:\/\/www.perminutecreations.lu\/index.php\/produit\/tic-tac-toe\/\"]}]},{\"@type\":\"ImageObject\",\"inLanguage\":\"fr-FR\",\"@id\":\"https:\/\/www.perminutecreations.lu\/index.php\/produit\/tic-tac-toe\/#primaryimage\",\"url\":\"https:\/\/www.perminutecreations.lu\/wp-content\/uploads\/2023\/09\/20230909_142041-rbg-blanc.png\",\"contentUrl\":\"https:\/\/www.perminutecreations.lu\/wp-content\/uploads\/2023\/09\/20230909_142041-rbg-blanc.png\",\"width\":547,\"height\":456},{\"@type\":\"BreadcrumbList\",\"@id\":\"https:\/\/www.perminutecreations.lu\/index.php\/produit\/tic-tac-toe\/#breadcrumb\",\"itemListElement\":[{\"@type\":\"ListItem\",\"position\":1,\"name\":\"Accueil\",\"item\":\"https:\/\/www.perminutecreations.lu\/\"},{\"@type\":\"ListItem\",\"position\":2,\"name\":\"Boutique\",\"item\":\"https:\/\/www.perminutecreations.lu\/index.php\/boutique\/\"},{\"@type\":\"ListItem\",\"position\":3,\"name\":\"Tic Tac Toe\"}]},{\"@type\":\"WebSite\",\"@id\":\"https:\/\/www.perminutecreations.lu\/#website\",\"url\":\"https:\/\/www.perminutecreations.lu\/\",\"name\":\"PerMinute Creations\",\"description\":\"Cr\u00e9ons ensemble!\",\"publisher\":{\"@id\":\"https:\/\/www.perminutecreations.lu\/#organization\"},\"potentialAction\":[{\"@type\":\"SearchAction\",\"target\":{\"@type\":\"EntryPoint\",\"urlTemplate\":\"https:\/\/www.perminutecreations.lu\/?s={search_term_string}\"},\"query-input\":{\"@type\":\"PropertyValueSpecification\",\"valueRequired\":true,\"valueName\":\"search_term_string\"}}],\"inLanguage\":\"fr-FR\"},{\"@type\":\"Organization\",\"@id\":\"https:\/\/www.perminutecreations.lu\/#organization\",\"name\":\"PerMinute Creations\",\"url\":\"https:\/\/www.perminutecreations.lu\/\",\"logo\":{\"@type\":\"ImageObject\",\"inLanguage\":\"fr-FR\",\"@id\":\"https:\/\/www.perminutecreations.lu\/#\/schema\/logo\/image\/\",\"url\":\"https:\/\/www.perminutecreations.lu\/wp-content\/uploads\/2024\/10\/cropped-Copie-de-Beige-Art-Design-Logo_20241028_082737_0000-1.jpg\",\"contentUrl\":\"https:\/\/www.perminutecreations.lu\/wp-content\/uploads\/2024\/10\/cropped-Copie-de-Beige-Art-Design-Logo_20241028_082737_0000-1.jpg\",\"width\":1248,\"height\":1109,\"caption\":\"PerMinute Creations\"},\"image\":{\"@id\":\"https:\/\/www.perminutecreations.lu\/#\/schema\/logo\/image\/\"}}]}<\/script>\n<!-- \/ Yoast SEO plugin. -->","yoast_head_json":{"title":"Tic Tac Toe","description":"Vous avez toujours aim\u00e9 jouer au tic-tac-toe, mais vous trouvez que les jeux traditionnels manquent de personnalisation? personnalisez, jouez, amusez-vous !","robots":{"index":"index","follow":"follow","max-snippet":"max-snippet:-1","max-image-preview":"max-image-preview:large","max-video-preview":"max-video-preview:-1"},"canonical":"https:\/\/www.perminutecreations.lu\/index.php\/produit\/tic-tac-toe\/","og_locale":"fr_FR","og_type":"article","og_title":"Tic Tac Toe","og_description":"Vous avez toujours aim\u00e9 jouer au tic-tac-toe, mais vous trouvez que les jeux traditionnels manquent de personnalisation? personnalisez, jouez, amusez-vous !","og_url":"https:\/\/www.perminutecreations.lu\/index.php\/produit\/tic-tac-toe\/","og_site_name":"PerMinute Creations","article_modified_time":"2025-09-26T13:07:04+00:00","og_image":[{"width":547,"height":456,"url":"https:\/\/www.perminutecreations.lu\/wp-content\/uploads\/2023\/09\/20230909_142041-rbg-blanc.png","type":"image\/png"}],"twitter_card":"summary_large_image","twitter_misc":{"Dur\u00e9e de lecture estim\u00e9e":"2 minutes"},"schema":{"@context":"https:\/\/schema.org","@graph":[{"@type":"WebPage","@id":"https:\/\/www.perminutecreations.lu\/index.php\/produit\/tic-tac-toe\/","url":"https:\/\/www.perminutecreations.lu\/index.php\/produit\/tic-tac-toe\/","name":"Tic Tac Toe","isPartOf":{"@id":"https:\/\/www.perminutecreations.lu\/#website"},"primaryImageOfPage":{"@id":"https:\/\/www.perminutecreations.lu\/index.php\/produit\/tic-tac-toe\/#primaryimage"},"image":{"@id":"https:\/\/www.perminutecreations.lu\/index.php\/produit\/tic-tac-toe\/#primaryimage"},"thumbnailUrl":"https:\/\/www.perminutecreations.lu\/wp-content\/uploads\/2023\/09\/20230909_142041-rbg-blanc.png","datePublished":"2023-09-05T08:50:43+00:00","dateModified":"2025-09-26T13:07:04+00:00","description":"Vous avez toujours aim\u00e9 jouer au tic-tac-toe, mais vous trouvez que les jeux traditionnels manquent de personnalisation? personnalisez, jouez, amusez-vous !","breadcrumb":{"@id":"https:\/\/www.perminutecreations.lu\/index.php\/produit\/tic-tac-toe\/#breadcrumb"},"inLanguage":"fr-FR","potentialAction":[{"@type":"ReadAction","target":["https:\/\/www.perminutecreations.lu\/index.php\/produit\/tic-tac-toe\/"]}]},{"@type":"ImageObject","inLanguage":"fr-FR","@id":"https:\/\/www.perminutecreations.lu\/index.php\/produit\/tic-tac-toe\/#primaryimage","url":"https:\/\/www.perminutecreations.lu\/wp-content\/uploads\/2023\/09\/20230909_142041-rbg-blanc.png","contentUrl":"https:\/\/www.perminutecreations.lu\/wp-content\/uploads\/2023\/09\/20230909_142041-rbg-blanc.png","width":547,"height":456},{"@type":"BreadcrumbList","@id":"https:\/\/www.perminutecreations.lu\/index.php\/produit\/tic-tac-toe\/#breadcrumb","itemListElement":[{"@type":"ListItem","position":1,"name":"Accueil","item":"https:\/\/www.perminutecreations.lu\/"},{"@type":"ListItem","position":2,"name":"Boutique","item":"https:\/\/www.perminutecreations.lu\/index.php\/boutique\/"},{"@type":"ListItem","position":3,"name":"Tic Tac Toe"}]},{"@type":"WebSite","@id":"https:\/\/www.perminutecreations.lu\/#website","url":"https:\/\/www.perminutecreations.lu\/","name":"PerMinute Creations","description":"Cr\u00e9ons ensemble!","publisher":{"@id":"https:\/\/www.perminutecreations.lu\/#organization"},"potentialAction":[{"@type":"SearchAction","target":{"@type":"EntryPoint","urlTemplate":"https:\/\/www.perminutecreations.lu\/?s={search_term_string}"},"query-input":{"@type":"PropertyValueSpecification","valueRequired":true,"valueName":"search_term_string"}}],"inLanguage":"fr-FR"},{"@type":"Organization","@id":"https:\/\/www.perminutecreations.lu\/#organization","name":"PerMinute Creations","url":"https:\/\/www.perminutecreations.lu\/","logo":{"@type":"ImageObject","inLanguage":"fr-FR","@id":"https:\/\/www.perminutecreations.lu\/#\/schema\/logo\/image\/","url":"https:\/\/www.perminutecreations.lu\/wp-content\/uploads\/2024\/10\/cropped-Copie-de-Beige-Art-Design-Logo_20241028_082737_0000-1.jpg","contentUrl":"https:\/\/www.perminutecreations.lu\/wp-content\/uploads\/2024\/10\/cropped-Copie-de-Beige-Art-Design-Logo_20241028_082737_0000-1.jpg","width":1248,"height":1109,"caption":"PerMinute Creations"},"image":{"@id":"https:\/\/www.perminutecreations.lu\/#\/schema\/logo\/image\/"}}]}},"_links":{"self":[{"href":"https:\/\/www.perminutecreations.lu\/index.php\/wp-json\/wp\/v2\/product\/3033","targetHints":{"allow":["GET"]}}],"collection":[{"href":"https:\/\/www.perminutecreations.lu\/index.php\/wp-json\/wp\/v2\/product"}],"about":[{"href":"https:\/\/www.perminutecreations.lu\/index.php\/wp-json\/wp\/v2\/types\/product"}],"replies":[{"embeddable":true,"href":"https:\/\/www.perminutecreations.lu\/index.php\/wp-json\/wp\/v2\/comments?post=3033"}],"wp:featuredmedia":[{"embeddable":true,"href":"https:\/\/www.perminutecreations.lu\/index.php\/wp-json\/wp\/v2\/media\/3121"}],"wp:attachment":[{"href":"https:\/\/www.perminutecreations.lu\/index.php\/wp-json\/wp\/v2\/media?parent=3033"}],"wp:term":[{"taxonomy":"product_brand","embeddable":true,"href":"https:\/\/www.perminutecreations.lu\/index.php\/wp-json\/wp\/v2\/product_brand?post=3033"},{"taxonomy":"product_cat","embeddable":true,"href":"https:\/\/www.perminutecreations.lu\/index.php\/wp-json\/wp\/v2\/product_cat?post=3033"},{"taxonomy":"product_tag","embeddable":true,"href":"https:\/\/www.perminutecreations.lu\/index.php\/wp-json\/wp\/v2\/product_tag?post=3033"}],"curies":[{"name":"wp","href":"https:\/\/api.w.org\/{rel}","templated":true}]}}