{"id":35,"date":"2023-02-10T07:01:09","date_gmt":"2023-02-10T07:01:09","guid":{"rendered":"https:\/\/www.perminutecreations.lu\/?post_type=product&#038;p=35"},"modified":"2023-09-19T14:38:40","modified_gmt":"2023-09-19T14:38:40","slug":"sous-verres","status":"publish","type":"product","link":"https:\/\/www.perminutecreations.lu\/index.php\/produit\/sous-verres\/","title":{"rendered":"Sous-verres"},"content":{"rendered":"<p>Vous n&rsquo;avez pas trouv\u00e9 votre bonheur? Choisissez votre\/vos couleur(s) et nous le cr\u00e9ons pour vous.<\/p>\n<p>Comme il s\u2019agit de produits faits \u00e0 la main, chaque sous-verre est une pi\u00e8ce unique, de sorte que l\u2019image peut diff\u00e9rer l\u00e9g\u00e8rement des produits.<\/p>\n<p>De plus, aucune \u0153uvre ne peut \u00eatre produite \u00e0 100% \u00e0 l\u2019identique.<\/p>\n","protected":false},"excerpt":{"rendered":"<p>Vous n&rsquo;avez pas trouv\u00e9 votre bonheur? Choisissez votre\/vos couleur(s) et nous le cr\u00e9ons pour vous. Comme il s\u2019agit de produits faits \u00e0 la main, chaque sous-verre est une pi\u00e8ce unique, de sorte que l\u2019image peut diff\u00e9rer l\u00e9g\u00e8rement des produits. De plus, aucune \u0153uvre ne peut \u00eatre produite \u00e0 100% \u00e0 l\u2019identique.<\/p>\n","protected":false},"featured_media":2138,"comment_status":"open","ping_status":"closed","template":"","meta":{"_monsterinsights_skip_tracking":false,"_monsterinsights_sitenote_active":false,"_monsterinsights_sitenote_note":"","_monsterinsights_sitenote_category":0,"ocean_post_layout":"","ocean_both_sidebars_style":"","ocean_both_sidebars_content_width":0,"ocean_both_sidebars_sidebars_width":0,"ocean_sidebar":"0","ocean_second_sidebar":"0","ocean_disable_margins":"enable","ocean_add_body_class":"","ocean_shortcode_before_top_bar":"","ocean_shortcode_after_top_bar":"","ocean_shortcode_before_header":"","ocean_shortcode_after_header":"","ocean_has_shortcode":"","ocean_shortcode_after_title":"","ocean_shortcode_before_footer_widgets":"","ocean_shortcode_after_footer_widgets":"","ocean_shortcode_before_footer_bottom":"","ocean_shortcode_after_footer_bottom":"","ocean_display_top_bar":"default","ocean_display_header":"default","ocean_header_style":"","ocean_center_header_left_menu":"0","ocean_custom_header_template":"0","ocean_custom_logo":0,"ocean_custom_retina_logo":0,"ocean_custom_logo_max_width":0,"ocean_custom_logo_tablet_max_width":0,"ocean_custom_logo_mobile_max_width":0,"ocean_custom_logo_max_height":0,"ocean_custom_logo_tablet_max_height":0,"ocean_custom_logo_mobile_max_height":0,"ocean_header_custom_menu":"0","ocean_menu_typo_font_family":"0","ocean_menu_typo_font_subset":"","ocean_menu_typo_font_size":0,"ocean_menu_typo_font_size_tablet":0,"ocean_menu_typo_font_size_mobile":0,"ocean_menu_typo_font_size_unit":"px","ocean_menu_typo_font_weight":"","ocean_menu_typo_font_weight_tablet":"","ocean_menu_typo_font_weight_mobile":"","ocean_menu_typo_transform":"","ocean_menu_typo_transform_tablet":"","ocean_menu_typo_transform_mobile":"","ocean_menu_typo_line_height":0,"ocean_menu_typo_line_height_tablet":0,"ocean_menu_typo_line_height_mobile":0,"ocean_menu_typo_line_height_unit":"","ocean_menu_typo_spacing":0,"ocean_menu_typo_spacing_tablet":0,"ocean_menu_typo_spacing_mobile":0,"ocean_menu_typo_spacing_unit":"","ocean_menu_link_color":"","ocean_menu_link_color_hover":"","ocean_menu_link_color_active":"","ocean_menu_link_background":"","ocean_menu_link_hover_background":"","ocean_menu_link_active_background":"","ocean_menu_social_links_bg":"","ocean_menu_social_hover_links_bg":"","ocean_menu_social_links_color":"","ocean_menu_social_hover_links_color":"","ocean_disable_title":"default","ocean_disable_heading":"default","ocean_post_title":"","ocean_post_subheading":"","ocean_post_title_style":"","ocean_post_title_background_color":"","ocean_post_title_background":0,"ocean_post_title_bg_image_position":"","ocean_post_title_bg_image_attachment":"","ocean_post_title_bg_image_repeat":"","ocean_post_title_bg_image_size":"","ocean_post_title_height":0,"ocean_post_title_bg_overlay":0.5,"ocean_post_title_bg_overlay_color":"","ocean_disable_breadcrumbs":"default","ocean_breadcrumbs_color":"","ocean_breadcrumbs_separator_color":"","ocean_breadcrumbs_links_color":"","ocean_breadcrumbs_links_hover_color":"","ocean_display_footer_widgets":"default","ocean_display_footer_bottom":"default","ocean_custom_footer_template":"0","omw_enable_modal_window":"enable"},"product_brand":[],"product_cat":[38,69],"product_tag":[],"class_list":{"0":"post-35","1":"product","2":"type-product","3":"status-publish","4":"has-post-thumbnail","6":"product_cat-maison","7":"product_cat-cuisine","8":"product_shipping_class-produit-lourd","10":"entry","11":"has-media","13":"first","14":"instock","15":"purchasable","16":"product-type-variable","17":"has-product-nav","18":"col","19":"span_1_of_4","20":"owp-content-center","21":"owp-thumbs-layout-horizontal","22":"owp-btn-normal","23":"owp-tabs-layout-horizontal"},"yoast_head":"<!-- This site is optimized with the Yoast SEO plugin v27.1.1 - https:\/\/yoast.com\/product\/yoast-seo-wordpress\/ -->\n<title>Sous-verres - PerMinute Creations<\/title>\n<meta name=\"robots\" content=\"index, follow, max-snippet:-1, max-image-preview:large, max-video-preview:-1\" \/>\n<link rel=\"canonical\" href=\"https:\/\/www.perminutecreations.lu\/index.php\/produit\/sous-verres\/\" \/>\n<meta property=\"og:locale\" content=\"fr_FR\" \/>\n<meta property=\"og:type\" content=\"article\" \/>\n<meta property=\"og:title\" content=\"Sous-verres - PerMinute Creations\" \/>\n<meta property=\"og:description\" content=\"Vous n&rsquo;avez pas trouv\u00e9 votre bonheur? Choisissez votre\/vos couleur(s) et nous le cr\u00e9ons pour vous. Comme il s\u2019agit de produits faits \u00e0 la main, chaque sous-verre est une pi\u00e8ce unique, de sorte que l\u2019image peut diff\u00e9rer l\u00e9g\u00e8rement des produits. De plus, aucune \u0153uvre ne peut \u00eatre produite \u00e0 100% \u00e0 l\u2019identique.\" \/>\n<meta property=\"og:url\" content=\"https:\/\/www.perminutecreations.lu\/index.php\/produit\/sous-verres\/\" \/>\n<meta property=\"og:site_name\" content=\"PerMinute Creations\" \/>\n<meta property=\"article:modified_time\" content=\"2023-09-19T14:38:40+00:00\" \/>\n<meta property=\"og:image\" content=\"https:\/\/www.perminutecreations.lu\/wp-content\/uploads\/2023\/02\/20230310_082525-removebg-jpeg.jpg\" \/>\n\t<meta property=\"og:image:width\" content=\"1879\" \/>\n\t<meta property=\"og:image:height\" content=\"1779\" \/>\n\t<meta property=\"og:image:type\" content=\"image\/jpeg\" \/>\n<meta name=\"twitter:card\" content=\"summary_large_image\" \/>\n<meta name=\"twitter:label1\" content=\"Dur\u00e9e de lecture estim\u00e9e\" \/>\n\t<meta name=\"twitter:data1\" content=\"1 minute\" \/>\n<script type=\"application\/ld+json\" class=\"yoast-schema-graph\">{\"@context\":\"https:\/\/schema.org\",\"@graph\":[{\"@type\":\"WebPage\",\"@id\":\"https:\/\/www.perminutecreations.lu\/index.php\/produit\/sous-verres\/\",\"url\":\"https:\/\/www.perminutecreations.lu\/index.php\/produit\/sous-verres\/\",\"name\":\"Sous-verres - PerMinute Creations\",\"isPartOf\":{\"@id\":\"https:\/\/www.perminutecreations.lu\/#website\"},\"primaryImageOfPage\":{\"@id\":\"https:\/\/www.perminutecreations.lu\/index.php\/produit\/sous-verres\/#primaryimage\"},\"image\":{\"@id\":\"https:\/\/www.perminutecreations.lu\/index.php\/produit\/sous-verres\/#primaryimage\"},\"thumbnailUrl\":\"https:\/\/www.perminutecreations.lu\/wp-content\/uploads\/2023\/02\/20230310_082525-removebg-jpeg.jpg\",\"datePublished\":\"2023-02-10T07:01:09+00:00\",\"dateModified\":\"2023-09-19T14:38:40+00:00\",\"breadcrumb\":{\"@id\":\"https:\/\/www.perminutecreations.lu\/index.php\/produit\/sous-verres\/#breadcrumb\"},\"inLanguage\":\"fr-FR\",\"potentialAction\":[{\"@type\":\"ReadAction\",\"target\":[\"https:\/\/www.perminutecreations.lu\/index.php\/produit\/sous-verres\/\"]}]},{\"@type\":\"ImageObject\",\"inLanguage\":\"fr-FR\",\"@id\":\"https:\/\/www.perminutecreations.lu\/index.php\/produit\/sous-verres\/#primaryimage\",\"url\":\"https:\/\/www.perminutecreations.lu\/wp-content\/uploads\/2023\/02\/20230310_082525-removebg-jpeg.jpg\",\"contentUrl\":\"https:\/\/www.perminutecreations.lu\/wp-content\/uploads\/2023\/02\/20230310_082525-removebg-jpeg.jpg\",\"width\":1879,\"height\":1779},{\"@type\":\"BreadcrumbList\",\"@id\":\"https:\/\/www.perminutecreations.lu\/index.php\/produit\/sous-verres\/#breadcrumb\",\"itemListElement\":[{\"@type\":\"ListItem\",\"position\":1,\"name\":\"Accueil\",\"item\":\"https:\/\/www.perminutecreations.lu\/\"},{\"@type\":\"ListItem\",\"position\":2,\"name\":\"Boutique\",\"item\":\"https:\/\/www.perminutecreations.lu\/index.php\/boutique\/\"},{\"@type\":\"ListItem\",\"position\":3,\"name\":\"Sous-verres\"}]},{\"@type\":\"WebSite\",\"@id\":\"https:\/\/www.perminutecreations.lu\/#website\",\"url\":\"https:\/\/www.perminutecreations.lu\/\",\"name\":\"PerMinute Creations\",\"description\":\"Cr\u00e9ons ensemble!\",\"publisher\":{\"@id\":\"https:\/\/www.perminutecreations.lu\/#organization\"},\"potentialAction\":[{\"@type\":\"SearchAction\",\"target\":{\"@type\":\"EntryPoint\",\"urlTemplate\":\"https:\/\/www.perminutecreations.lu\/?s={search_term_string}\"},\"query-input\":{\"@type\":\"PropertyValueSpecification\",\"valueRequired\":true,\"valueName\":\"search_term_string\"}}],\"inLanguage\":\"fr-FR\"},{\"@type\":\"Organization\",\"@id\":\"https:\/\/www.perminutecreations.lu\/#organization\",\"name\":\"PerMinute Creations\",\"url\":\"https:\/\/www.perminutecreations.lu\/\",\"logo\":{\"@type\":\"ImageObject\",\"inLanguage\":\"fr-FR\",\"@id\":\"https:\/\/www.perminutecreations.lu\/#\/schema\/logo\/image\/\",\"url\":\"https:\/\/www.perminutecreations.lu\/wp-content\/uploads\/2024\/10\/cropped-Copie-de-Beige-Art-Design-Logo_20241028_082737_0000-1.jpg\",\"contentUrl\":\"https:\/\/www.perminutecreations.lu\/wp-content\/uploads\/2024\/10\/cropped-Copie-de-Beige-Art-Design-Logo_20241028_082737_0000-1.jpg\",\"width\":1248,\"height\":1109,\"caption\":\"PerMinute Creations\"},\"image\":{\"@id\":\"https:\/\/www.perminutecreations.lu\/#\/schema\/logo\/image\/\"}}]}<\/script>\n<!-- \/ Yoast SEO plugin. -->","yoast_head_json":{"title":"Sous-verres - PerMinute Creations","robots":{"index":"index","follow":"follow","max-snippet":"max-snippet:-1","max-image-preview":"max-image-preview:large","max-video-preview":"max-video-preview:-1"},"canonical":"https:\/\/www.perminutecreations.lu\/index.php\/produit\/sous-verres\/","og_locale":"fr_FR","og_type":"article","og_title":"Sous-verres - PerMinute Creations","og_description":"Vous n&rsquo;avez pas trouv\u00e9 votre bonheur? Choisissez votre\/vos couleur(s) et nous le cr\u00e9ons pour vous. Comme il s\u2019agit de produits faits \u00e0 la main, chaque sous-verre est une pi\u00e8ce unique, de sorte que l\u2019image peut diff\u00e9rer l\u00e9g\u00e8rement des produits. De plus, aucune \u0153uvre ne peut \u00eatre produite \u00e0 100% \u00e0 l\u2019identique.","og_url":"https:\/\/www.perminutecreations.lu\/index.php\/produit\/sous-verres\/","og_site_name":"PerMinute Creations","article_modified_time":"2023-09-19T14:38:40+00:00","og_image":[{"width":1879,"height":1779,"url":"https:\/\/www.perminutecreations.lu\/wp-content\/uploads\/2023\/02\/20230310_082525-removebg-jpeg.jpg","type":"image\/jpeg"}],"twitter_card":"summary_large_image","twitter_misc":{"Dur\u00e9e de lecture estim\u00e9e":"1 minute"},"schema":{"@context":"https:\/\/schema.org","@graph":[{"@type":"WebPage","@id":"https:\/\/www.perminutecreations.lu\/index.php\/produit\/sous-verres\/","url":"https:\/\/www.perminutecreations.lu\/index.php\/produit\/sous-verres\/","name":"Sous-verres - PerMinute Creations","isPartOf":{"@id":"https:\/\/www.perminutecreations.lu\/#website"},"primaryImageOfPage":{"@id":"https:\/\/www.perminutecreations.lu\/index.php\/produit\/sous-verres\/#primaryimage"},"image":{"@id":"https:\/\/www.perminutecreations.lu\/index.php\/produit\/sous-verres\/#primaryimage"},"thumbnailUrl":"https:\/\/www.perminutecreations.lu\/wp-content\/uploads\/2023\/02\/20230310_082525-removebg-jpeg.jpg","datePublished":"2023-02-10T07:01:09+00:00","dateModified":"2023-09-19T14:38:40+00:00","breadcrumb":{"@id":"https:\/\/www.perminutecreations.lu\/index.php\/produit\/sous-verres\/#breadcrumb"},"inLanguage":"fr-FR","potentialAction":[{"@type":"ReadAction","target":["https:\/\/www.perminutecreations.lu\/index.php\/produit\/sous-verres\/"]}]},{"@type":"ImageObject","inLanguage":"fr-FR","@id":"https:\/\/www.perminutecreations.lu\/index.php\/produit\/sous-verres\/#primaryimage","url":"https:\/\/www.perminutecreations.lu\/wp-content\/uploads\/2023\/02\/20230310_082525-removebg-jpeg.jpg","contentUrl":"https:\/\/www.perminutecreations.lu\/wp-content\/uploads\/2023\/02\/20230310_082525-removebg-jpeg.jpg","width":1879,"height":1779},{"@type":"BreadcrumbList","@id":"https:\/\/www.perminutecreations.lu\/index.php\/produit\/sous-verres\/#breadcrumb","itemListElement":[{"@type":"ListItem","position":1,"name":"Accueil","item":"https:\/\/www.perminutecreations.lu\/"},{"@type":"ListItem","position":2,"name":"Boutique","item":"https:\/\/www.perminutecreations.lu\/index.php\/boutique\/"},{"@type":"ListItem","position":3,"name":"Sous-verres"}]},{"@type":"WebSite","@id":"https:\/\/www.perminutecreations.lu\/#website","url":"https:\/\/www.perminutecreations.lu\/","name":"PerMinute Creations","description":"Cr\u00e9ons ensemble!","publisher":{"@id":"https:\/\/www.perminutecreations.lu\/#organization"},"potentialAction":[{"@type":"SearchAction","target":{"@type":"EntryPoint","urlTemplate":"https:\/\/www.perminutecreations.lu\/?s={search_term_string}"},"query-input":{"@type":"PropertyValueSpecification","valueRequired":true,"valueName":"search_term_string"}}],"inLanguage":"fr-FR"},{"@type":"Organization","@id":"https:\/\/www.perminutecreations.lu\/#organization","name":"PerMinute Creations","url":"https:\/\/www.perminutecreations.lu\/","logo":{"@type":"ImageObject","inLanguage":"fr-FR","@id":"https:\/\/www.perminutecreations.lu\/#\/schema\/logo\/image\/","url":"https:\/\/www.perminutecreations.lu\/wp-content\/uploads\/2024\/10\/cropped-Copie-de-Beige-Art-Design-Logo_20241028_082737_0000-1.jpg","contentUrl":"https:\/\/www.perminutecreations.lu\/wp-content\/uploads\/2024\/10\/cropped-Copie-de-Beige-Art-Design-Logo_20241028_082737_0000-1.jpg","width":1248,"height":1109,"caption":"PerMinute Creations"},"image":{"@id":"https:\/\/www.perminutecreations.lu\/#\/schema\/logo\/image\/"}}]}},"_links":{"self":[{"href":"https:\/\/www.perminutecreations.lu\/index.php\/wp-json\/wp\/v2\/product\/35","targetHints":{"allow":["GET"]}}],"collection":[{"href":"https:\/\/www.perminutecreations.lu\/index.php\/wp-json\/wp\/v2\/product"}],"about":[{"href":"https:\/\/www.perminutecreations.lu\/index.php\/wp-json\/wp\/v2\/types\/product"}],"replies":[{"embeddable":true,"href":"https:\/\/www.perminutecreations.lu\/index.php\/wp-json\/wp\/v2\/comments?post=35"}],"wp:featuredmedia":[{"embeddable":true,"href":"https:\/\/www.perminutecreations.lu\/index.php\/wp-json\/wp\/v2\/media\/2138"}],"wp:attachment":[{"href":"https:\/\/www.perminutecreations.lu\/index.php\/wp-json\/wp\/v2\/media?parent=35"}],"wp:term":[{"taxonomy":"product_brand","embeddable":true,"href":"https:\/\/www.perminutecreations.lu\/index.php\/wp-json\/wp\/v2\/product_brand?post=35"},{"taxonomy":"product_cat","embeddable":true,"href":"https:\/\/www.perminutecreations.lu\/index.php\/wp-json\/wp\/v2\/product_cat?post=35"},{"taxonomy":"product_tag","embeddable":true,"href":"https:\/\/www.perminutecreations.lu\/index.php\/wp-json\/wp\/v2\/product_tag?post=35"}],"curies":[{"name":"wp","href":"https:\/\/api.w.org\/{rel}","templated":true}]}}